{"id":8984,"date":"2021-04-20T09:27:07","date_gmt":"2021-04-20T08:27:07","guid":{"rendered":"https:\/\/amateaudio.com\/?page_id=8984"},"modified":"2026-02-10T15:07:27","modified_gmt":"2026-02-10T14:07:27","slug":"solicita-informacion","status":"publish","type":"page","link":"https:\/\/amateaudio.com\/es\/solicita-informacion\/","title":{"rendered":"Solicita Informaci\u00f3n"},"content":{"rendered":"\t\t<div data-elementor-type=\"wp-post\" data-elementor-id=\"8984\" class=\"elementor elementor-8984 elementor-8815\" data-elementor-post-type=\"page\">\n\t\t\t\t\t\t<div class=\"elementor-inner\">\n\t\t\t\t<div class=\"elementor-section-wrap\">\n\t\t\t\t\t\t\t\t\t<section class=\"elementor-section elementor-top-section elementor-element elementor-element-35f15178 elementor-section-stretched elementor-section-boxed elementor-section-height-default elementor-section-height-default\" data-id=\"35f15178\" data-element_type=\"section\" data-settings=\"{&quot;background_background&quot;:&quot;classic&quot;,&quot;stretch_section&quot;:&quot;section-stretched&quot;}\">\n\t\t\t\t\t\t<div class=\"elementor-container elementor-column-gap-default\">\n\t\t\t\t\t\t\t<div class=\"elementor-row\">\n\t\t\t\t\t<div class=\"elementor-column elementor-col-100 elementor-top-column elementor-element elementor-element-592940c8\" data-id=\"592940c8\" data-element_type=\"column\">\n\t\t\t<div class=\"elementor-column-wrap elementor-element-populated\">\n\t\t\t\t\t\t\t<div class=\"elementor-widget-wrap\">\n\t\t\t\t\t\t<div class=\"elementor-element elementor-element-65564d2 elementor-widget elementor-widget-spacer\" data-id=\"65564d2\" data-element_type=\"widget\" data-widget_type=\"spacer.default\">\n\t\t\t\t<div class=\"elementor-widget-container\">\n\t\t\t\t\t<div class=\"elementor-spacer\">\n\t\t\t<div class=\"elementor-spacer-inner\"><\/div>\n\t\t<\/div>\n\t\t\t\t<\/div>\n\t\t\t\t<\/div>\n\t\t\t\t<div class=\"elementor-element elementor-element-5d2e82a8 elementor-widget elementor-widget-heading\" data-id=\"5d2e82a8\" data-element_type=\"widget\" data-widget_type=\"heading.default\">\n\t\t\t\t<div class=\"elementor-widget-container\">\n\t\t\t<h3 class=\"elementor-heading-title elementor-size-default\">Solicita informaci\u00f3n sobre un producto o una configuraci\u00f3n<\/h3>\t\t<\/div>\n\t\t\t\t<\/div>\n\t\t\t\t<div class=\"elementor-element elementor-element-2bc9120 elementor-widget elementor-widget-spacer\" data-id=\"2bc9120\" data-element_type=\"widget\" data-widget_type=\"spacer.default\">\n\t\t\t\t<div class=\"elementor-widget-container\">\n\t\t\t\t\t<div class=\"elementor-spacer\">\n\t\t\t<div class=\"elementor-spacer-inner\"><\/div>\n\t\t<\/div>\n\t\t\t\t<\/div>\n\t\t\t\t<\/div>\n\t\t\t\t<div class=\"elementor-element elementor-element-808b11e elementor-widget elementor-widget-text-editor\" data-id=\"808b11e\" data-element_type=\"widget\" data-widget_type=\"text-editor.default\">\n\t\t\t\t<div class=\"elementor-widget-container\">\n\t\t\t\t\t\t\t\t<div class=\"elementor-text-editor elementor-clearfix\">\n\t\t\t\t<p>\u00bfNecesitas alquilar un equipo, comprar un producto Amate Audio, o asistencia en tu instalaci\u00f3n?<\/p><p>Escr\u00edbenos y nuestro departamento comercial te responder\u00e1 lo antes posible.<\/p>\t\t\t\t\t<\/div>\n\t\t\t\t\t\t<\/div>\n\t\t\t\t<\/div>\n\t\t\t\t<div class=\"elementor-element elementor-element-284f0ba5 elementor-button-align-center elementor-mobile-button-align-center elementor-widget elementor-widget-form\" data-id=\"284f0ba5\" data-element_type=\"widget\" data-settings=\"{&quot;step_next_label&quot;:&quot;Next&quot;,&quot;step_previous_label&quot;:&quot;Previous&quot;,&quot;button_width&quot;:&quot;100&quot;,&quot;step_type&quot;:&quot;number_text&quot;,&quot;step_icon_shape&quot;:&quot;circle&quot;}\" data-widget_type=\"form.default\">\n\t\t\t\t<div class=\"elementor-widget-container\">\n\t\t\t\t\t<form class=\"elementor-form\" method=\"post\" name=\"Contact\">\n\t\t\t<input type=\"hidden\" name=\"post_id\" value=\"8984\"\/>\n\t\t\t<input type=\"hidden\" name=\"form_id\" value=\"284f0ba5\"\/>\n\t\t\t<input type=\"hidden\" name=\"referer_title\" value=\"Amate Audio\" \/>\n\n\t\t\t\n\t\t\t<div class=\"elementor-form-fields-wrapper elementor-labels-above\">\n\t\t\t\t\t\t\t\t<div class=\"elementor-field-type-text elementor-field-group elementor-column elementor-field-group-name elementor-col-50 elementor-field-required elementor-mark-required\">\n\t\t\t\t\t\t\t\t\t\t\t\t<label for=\"form-field-name\" class=\"elementor-field-label\">\n\t\t\t\t\t\t\t\tNombre\t\t\t\t\t\t\t<\/label>\n\t\t\t\t\t\t\t\t\t\t\t\t\t\t<input size=\"1\" type=\"text\" name=\"form_fields[name]\" id=\"form-field-name\" class=\"elementor-field elementor-size-sm  elementor-field-textual\" placeholder=\"Tu nombre\" required=\"required\" aria-required=\"true\">\n\t\t\t\t\t\t\t\t\t\t\t<\/div>\n\t\t\t\t\t\t\t\t<div class=\"elementor-field-type-email elementor-field-group elementor-column elementor-field-group-email elementor-col-50 elementor-field-required elementor-mark-required\">\n\t\t\t\t\t\t\t\t\t\t\t\t<label for=\"form-field-email\" class=\"elementor-field-label\">\n\t\t\t\t\t\t\t\tE-MAIL\t\t\t\t\t\t\t<\/label>\n\t\t\t\t\t\t\t\t\t\t\t\t\t\t<input size=\"1\" type=\"email\" name=\"form_fields[email]\" id=\"form-field-email\" class=\"elementor-field elementor-size-sm  elementor-field-textual\" placeholder=\"Tu e-mail\" required=\"required\" aria-required=\"true\">\n\t\t\t\t\t\t\t\t\t\t\t<\/div>\n\t\t\t\t\t\t\t\t<div class=\"elementor-field-type-select elementor-field-group elementor-column elementor-field-group-b9cd3c3 elementor-col-33 elementor-field-required elementor-mark-required\">\n\t\t\t\t\t\t\t\t\t\t\t\t<label for=\"form-field-b9cd3c3\" class=\"elementor-field-label\">\n\t\t\t\t\t\t\t\t\u00bfA qu\u00e9 te dedicas?\t\t\t\t\t\t\t<\/label>\n\t\t\t\t\t\t\t\t<div class=\"elementor-field elementor-select-wrapper remove-before \">\n\t\t\t<div class=\"select-caret-down-wrapper\">\n\t\t\t\t<i aria-hidden=\"true\" class=\"eicon-caret-down\"><\/i>\t\t\t<\/div>\n\t\t\t<select name=\"form_fields[b9cd3c3]\" id=\"form-field-b9cd3c3\" class=\"elementor-field-textual elementor-size-sm\" required=\"required\" aria-required=\"true\">\n\t\t\t\t\t\t\t\t\t<option value=\"\"><\/option>\n\t\t\t\t\t\t\t\t\t<option value=\"T\u00e9cnico de sonido\">T\u00e9cnico de sonido<\/option>\n\t\t\t\t\t\t\t\t\t<option value=\"Instalador\">Instalador<\/option>\n\t\t\t\t\t\t\t\t\t<option value=\"Empresa de alquiler\">Empresa de alquiler<\/option>\n\t\t\t\t\t\t\t\t\t<option value=\"Musico\">Musico<\/option>\n\t\t\t\t\t\t\t\t\t<option value=\"Productor musical\">Productor musical<\/option>\n\t\t\t\t\t\t\t\t\t<option value=\"Prensa\">Prensa<\/option>\n\t\t\t\t\t\t\t\t\t<option value=\"Profesor\">Profesor<\/option>\n\t\t\t\t\t\t\t\t\t<option value=\"Estudiante\">Estudiante<\/option>\n\t\t\t\t\t\t\t\t\t<option value=\"Otro\">Otro<\/option>\n\t\t\t\t\t\t\t<\/select>\n\t\t<\/div>\n\t\t\t\t\t\t<\/div>\n\t\t\t\t\t\t\t\t<div class=\"elementor-field-type-text elementor-field-group elementor-column elementor-field-group-5fc6f08 elementor-col-33 elementor-field-required elementor-mark-required\">\n\t\t\t\t\t\t\t\t\t\t\t\t<label for=\"form-field-5fc6f08\" class=\"elementor-field-label\">\n\t\t\t\t\t\t\t\tTU TEL\u00c9FONO\t\t\t\t\t\t\t<\/label>\n\t\t\t\t\t\t\t\t\t\t\t\t\t\t<input size=\"1\" type=\"text\" name=\"form_fields[5fc6f08]\" id=\"form-field-5fc6f08\" class=\"elementor-field elementor-size-sm  elementor-field-textual\" placeholder=\"+ 972 53 900 90 90\" required=\"required\" aria-required=\"true\">\n\t\t\t\t\t\t\t\t\t\t\t<\/div>\n\t\t\t\t\t\t\t\t<div class=\"elementor-field-type-text elementor-field-group elementor-column elementor-field-group-field_07ed851 elementor-col-33 elementor-field-required elementor-mark-required\">\n\t\t\t\t\t\t\t\t\t\t\t\t<label for=\"form-field-field_07ed851\" class=\"elementor-field-label\">\n\t\t\t\t\t\t\t\tPa\u00eds\t\t\t\t\t\t\t<\/label>\n\t\t\t\t\t\t\t\t\t\t\t\t\t\t<input size=\"1\" type=\"text\" name=\"form_fields[field_07ed851]\" id=\"form-field-field_07ed851\" class=\"elementor-field elementor-size-sm  elementor-field-textual\" placeholder=\"\u00bfDe d\u00f3nde eres?\" required=\"required\" aria-required=\"true\">\n\t\t\t\t\t\t\t\t\t\t\t<\/div>\n\t\t\t\t\t\t\t\t<div class=\"elementor-field-type-text elementor-field-group elementor-column elementor-field-group-field_7308854 elementor-col-50 elementor-field-required elementor-mark-required\">\n\t\t\t\t\t\t\t\t\t\t\t\t<label for=\"form-field-field_7308854\" class=\"elementor-field-label\">\n\t\t\t\t\t\t\t\tProducto\t\t\t\t\t\t\t<\/label>\n\t\t\t\t\t\t\t\t\t\t\t\t\t\t<input size=\"1\" type=\"text\" name=\"form_fields[field_7308854]\" id=\"form-field-field_7308854\" class=\"elementor-field elementor-size-sm  elementor-field-textual\" placeholder=\"Especifica el modelo\" required=\"required\" aria-required=\"true\">\n\t\t\t\t\t\t\t\t\t\t\t<\/div>\n\t\t\t\t\t\t\t\t<div class=\"elementor-field-type-text elementor-field-group elementor-column elementor-field-group-field_b4bfdb6 elementor-col-50 elementor-field-required elementor-mark-required\">\n\t\t\t\t\t\t\t\t\t\t\t\t<label for=\"form-field-field_b4bfdb6\" class=\"elementor-field-label\">\n\t\t\t\t\t\t\t\tEmpresa\t\t\t\t\t\t\t<\/label>\n\t\t\t\t\t\t\t\t\t\t\t\t\t\t<input size=\"1\" type=\"text\" name=\"form_fields[field_b4bfdb6]\" id=\"form-field-field_b4bfdb6\" class=\"elementor-field elementor-size-sm  elementor-field-textual\" placeholder=\"Nombre de la empresa\" required=\"required\" aria-required=\"true\">\n\t\t\t\t\t\t\t\t\t\t\t<\/div>\n\t\t\t\t\t\t\t\t<div class=\"elementor-field-type-textarea elementor-field-group elementor-column elementor-field-group-6ed25c0 elementor-col-100 elementor-field-required elementor-mark-required\">\n\t\t\t\t\t\t\t\t\t\t\t\t<label for=\"form-field-6ed25c0\" class=\"elementor-field-label\">\n\t\t\t\t\t\t\t\tMensaje\t\t\t\t\t\t\t<\/label>\n\t\t\t\t\t\t<textarea class=\"elementor-field-textual elementor-field  elementor-size-sm\" name=\"form_fields[6ed25c0]\" id=\"form-field-6ed25c0\" rows=\"4\" placeholder=\"\u00bfEn qu\u00e9 podemos ayudarte?\" required=\"required\" aria-required=\"true\"><\/textarea>\t\t\t\t<\/div>\n\t\t\t\t\t\t\t\t<div class=\"elementor-field-type-checkbox elementor-field-group elementor-column elementor-field-group-field_2d6daf5 elementor-col-100\">\n\t\t\t\t\t\t\t\t\t\t\t\t<label for=\"form-field-field_2d6daf5\" class=\"elementor-field-label\">\n\t\t\t\t\t\t\t\tNewsletter\t\t\t\t\t\t\t<\/label>\n\t\t\t\t\t\t<div class=\"elementor-field-subgroup  \"><span class=\"elementor-field-option\"><input type=\"checkbox\" value=\"Quiero recibir las \u00faltimas noticias de Amate Audio\" id=\"form-field-field_2d6daf5-0\" name=\"form_fields[field_2d6daf5]\"> <label for=\"form-field-field_2d6daf5-0\">Quiero recibir las \u00faltimas noticias de Amate Audio<\/label><\/span><\/div>\t\t\t\t<\/div>\n\t\t\t\t\t\t\t\t<div class=\"elementor-field-type-recaptcha elementor-field-group elementor-column elementor-field-group-field_5abbe68 elementor-col-100\">\n\t\t\t\t\t<div class=\"elementor-field\" id=\"form-field-field_5abbe68\"><div class=\"elementor-g-recaptcha\" data-sitekey=\"6Ld5P6EaAAAAAKjVG7L2Ln8qCtpvLeMfgSEttxn9\" data-type=\"v2_checkbox\" data-theme=\"light\" data-size=\"normal\"><\/div><\/div>\t\t\t\t<\/div>\n\t\t\t\t\t\t\t\t<div class=\"elementor-field-group elementor-column elementor-field-type-submit elementor-col-100 e-form__buttons\">\n\t\t\t\t\t<button type=\"submit\" class=\"elementor-button elementor-size-md\">\n\t\t\t\t\t\t<span >\n\t\t\t\t\t\t\t\t\t\t\t\t\t\t\t<span class=\" elementor-button-icon\">\n\t\t\t\t\t\t\t\t\t\t\t\t\t\t\t\t\t\t\t\t\t\t\t\t\t\t<\/span>\n\t\t\t\t\t\t\t\t\t\t\t\t\t\t\t\t\t\t\t\t\t\t<span class=\"elementor-button-text\">Enviar<\/span>\n\t\t\t\t\t\t\t\t\t\t\t\t\t<\/span>\n\t\t\t\t\t<\/button>\n\t\t\t\t<\/div>\n\t\t\t<\/div>\n\t\t<\/form>\n\t\t\t\t<\/div>\n\t\t\t\t<\/div>\n\t\t\t\t\t\t<\/div>\n\t\t\t\t\t<\/div>\n\t\t<\/div>\n\t\t\t\t\t\t\t\t<\/div>\n\t\t\t\t\t<\/div>\n\t\t<\/section>\n\t\t\t\t<section class=\"elementor-section elementor-top-section elementor-element elementor-element-f523540 elementor-section-full_width elementor-section-stretched elementor-section-height-default elementor-section-height-default\" data-id=\"f523540\" data-element_type=\"section\" data-settings=\"{&quot;stretch_section&quot;:&quot;section-stretched&quot;,&quot;background_background&quot;:&quot;classic&quot;}\">\n\t\t\t\t\t\t<div class=\"elementor-container elementor-column-gap-default\">\n\t\t\t\t\t\t\t<div class=\"elementor-row\">\n\t\t\t\t\t<div class=\"elementor-column elementor-col-100 elementor-top-column elementor-element elementor-element-adbf4ea\" data-id=\"adbf4ea\" data-element_type=\"column\">\n\t\t\t<div class=\"elementor-column-wrap elementor-element-populated\">\n\t\t\t\t\t\t\t<div class=\"elementor-widget-wrap\">\n\t\t\t\t\t\t<section class=\"elementor-section elementor-inner-section elementor-element elementor-element-052358c elementor-section-boxed elementor-section-height-default elementor-section-height-default\" data-id=\"052358c\" data-element_type=\"section\">\n\t\t\t\t\t\t<div class=\"elementor-container elementor-column-gap-default\">\n\t\t\t\t\t\t\t<div class=\"elementor-row\">\n\t\t\t\t\t<div class=\"elementor-column elementor-col-100 elementor-inner-column elementor-element elementor-element-dffd794\" data-id=\"dffd794\" data-element_type=\"column\">\n\t\t\t<div class=\"elementor-column-wrap elementor-element-populated\">\n\t\t\t\t\t\t\t<div class=\"elementor-widget-wrap\">\n\t\t\t\t\t\t<div class=\"elementor-element elementor-element-be66c8a elementor-widget elementor-widget-heading\" data-id=\"be66c8a\" data-element_type=\"widget\" data-widget_type=\"heading.default\">\n\t\t\t\t<div class=\"elementor-widget-container\">\n\t\t\t<h2 class=\"elementor-heading-title elementor-size-default\">Encuentra tu distribuidor m\u00e1s cercano\n<\/h2>\t\t<\/div>\n\t\t\t\t<\/div>\n\t\t\t\t\t\t<\/div>\n\t\t\t\t\t<\/div>\n\t\t<\/div>\n\t\t\t\t\t\t\t\t<\/div>\n\t\t\t\t\t<\/div>\n\t\t<\/section>\n\t\t\t\t<section class=\"elementor-section elementor-inner-section elementor-element elementor-element-993babc elementor-section-boxed elementor-section-height-default elementor-section-height-default\" data-id=\"993babc\" data-element_type=\"section\">\n\t\t\t\t\t\t<div class=\"elementor-container elementor-column-gap-default\">\n\t\t\t\t\t\t\t<div class=\"elementor-row\">\n\t\t\t\t\t<div class=\"elementor-column elementor-col-100 elementor-inner-column elementor-element elementor-element-c8fce1c\" data-id=\"c8fce1c\" data-element_type=\"column\" data-settings=\"{&quot;background_background&quot;:&quot;classic&quot;}\">\n\t\t\t<div class=\"elementor-column-wrap elementor-element-populated\">\n\t\t\t\t\t\t\t<div class=\"elementor-widget-wrap\">\n\t\t\t\t\t\t<div class=\"elementor-element elementor-element-70b4d89 elementor-widget elementor-widget-webify-icon-box-widget\" data-id=\"70b4d89\" data-element_type=\"widget\" data-widget_type=\"webify-icon-box-widget.default\">\n\t\t\t\t<div class=\"elementor-widget-container\">\n\t\t\t        <div class=\"tb-icon-box tb-style4 tb-border text-center\">\n          <div class=\"tb-icon tb-f48-lg\">\n                          <i class=\"tbi-Map2\"><\/i>\n                      <\/div>\n          <div class=\"empty-space marg-lg-b20\"><\/div>\n                      <h3 class=\"tb-iconbox-heading tb-font-name tb-f18-lg  tb-m0\">Distribuidores<\/h3>\n          <div class=\"empty-space marg-lg-b10\"><\/div>\n                                          <a href=\"https:\/\/amateaudio.com\/es\/distribuidores\/\" target=\"_self\" class=\"tb-btn tb-style1\">Consulta nuestros distribuidores &gt;<\/a>\n                  <\/div>\n        \t\t<\/div>\n\t\t\t\t<\/div>\n\t\t\t\t\t\t<\/div>\n\t\t\t\t\t<\/div>\n\t\t<\/div>\n\t\t\t\t\t\t\t\t<\/div>\n\t\t\t\t\t<\/div>\n\t\t<\/section>\n\t\t\t\t\t\t<\/div>\n\t\t\t\t\t<\/div>\n\t\t<\/div>\n\t\t\t\t\t\t\t\t<\/div>\n\t\t\t\t\t<\/div>\n\t\t<\/section>\n\t\t\t\t<section class=\"elementor-section elementor-top-section elementor-element elementor-element-39a3926 elementor-hidden-desktop elementor-hidden-tablet elementor-hidden-phone elementor-section-boxed elementor-section-height-default elementor-section-height-default\" data-id=\"39a3926\" data-element_type=\"section\">\n\t\t\t\t\t\t<div class=\"elementor-container elementor-column-gap-default\">\n\t\t\t\t\t\t\t<div class=\"elementor-row\">\n\t\t\t\t\t<div class=\"elementor-column elementor-col-100 elementor-top-column elementor-element elementor-element-b38765c elementor-hidden-desktop elementor-hidden-tablet elementor-hidden-phone\" data-id=\"b38765c\" data-element_type=\"column\">\n\t\t\t<div class=\"elementor-column-wrap elementor-element-populated\">\n\t\t\t\t\t\t\t<div class=\"elementor-widget-wrap\">\n\t\t\t\t\t\t<div class=\"elementor-element elementor-element-5cb50f3 elementor-widget elementor-widget-spacer\" data-id=\"5cb50f3\" data-element_type=\"widget\" data-widget_type=\"spacer.default\">\n\t\t\t\t<div class=\"elementor-widget-container\">\n\t\t\t\t\t<div class=\"elementor-spacer\">\n\t\t\t<div class=\"elementor-spacer-inner\"><\/div>\n\t\t<\/div>\n\t\t\t\t<\/div>\n\t\t\t\t<\/div>\n\t\t\t\t<div class=\"elementor-element elementor-element-f66a183 elementor-widget elementor-widget-webify-icon-box-widget\" data-id=\"f66a183\" data-element_type=\"widget\" data-widget_type=\"webify-icon-box-widget.default\">\n\t\t\t\t<div class=\"elementor-widget-container\">\n\t\t\t        <div class=\"tb-icon-box tb-style4 tb-border text-center\">\n          <div class=\"tb-icon tb-f48-lg\">\n                          <i class=\"tbi-Shop-2\"><\/i>\n                      <\/div>\n          <div class=\"empty-space marg-lg-b20\"><\/div>\n                      <h3 class=\"tb-iconbox-heading tb-font-name tb-f18-lg  tb-m0\">Rental<\/h3>\n          <div class=\"empty-space marg-lg-b10\"><\/div>\n                                          <a href=\"#\" target=\"_self\" class=\"tb-btn tb-style1\">Find and rent Amate Audio solutions close to you &gt;<\/a>\n                  <\/div>\n        \t\t<\/div>\n\t\t\t\t<\/div>\n\t\t\t\t\t\t<\/div>\n\t\t\t\t\t<\/div>\n\t\t<\/div>\n\t\t\t\t\t\t\t\t<\/div>\n\t\t\t\t\t<\/div>\n\t\t<\/section>\n\t\t\t\t\t\t\t\t\t<\/div>\n\t\t\t<\/div>\n\t\t\t\t\t<\/div>\n\t\t","protected":false},"excerpt":{"rendered":"<p>Solicita informaci\u00f3n sobre un producto o una configuraci\u00f3n \u00bfNecesitas alquilar un equipo, comprar un producto Amate Audio, o asistencia en tu instalaci\u00f3n? Escr\u00edbenos y nuestro departamento comercial te responder\u00e1 lo antes posible. Encuentra tu distribuidor m\u00e1s cercano Distribuidores Consulta nuestros distribuidores &gt; Rental Find and rent Amate Audio solutions close to you &gt;<\/p>\n","protected":false},"author":1,"featured_media":0,"parent":0,"menu_order":0,"comment_status":"closed","ping_status":"closed","template":"","meta":{"footnotes":""},"class_list":["post-8984","page","type-page","status-publish","hentry"],"yoast_head":"<!-- This site is optimized with the Yoast SEO plugin v26.9 - https:\/\/yoast.com\/product\/yoast-seo-wordpress\/ -->\n<title>Solicita Informaci\u00f3n - Amate Audio<\/title>\n<meta name=\"robots\" content=\"noindex, follow\" \/>\n<meta property=\"og:locale\" content=\"es_ES\" \/>\n<meta property=\"og:type\" content=\"article\" \/>\n<meta property=\"og:title\" content=\"Solicita Informaci\u00f3n - Amate Audio\" \/>\n<meta property=\"og:description\" content=\"Solicita informaci\u00f3n sobre un producto o una configuraci\u00f3n \u00bfNecesitas alquilar un equipo, comprar un producto Amate Audio, o asistencia en tu instalaci\u00f3n? Escr\u00edbenos y nuestro departamento comercial te responder\u00e1 lo antes posible. Encuentra tu distribuidor m\u00e1s cercano Distribuidores Consulta nuestros distribuidores &gt; Rental Find and rent Amate Audio solutions close to you &gt;\" \/>\n<meta property=\"og:url\" content=\"https:\/\/amateaudio.com\/es\/solicita-informacion\/\" \/>\n<meta property=\"og:site_name\" content=\"Amate Audio\" \/>\n<meta property=\"article:publisher\" content=\"https:\/\/www.facebook.com\/amateaudio\" \/>\n<meta property=\"article:modified_time\" content=\"2026-02-10T14:07:27+00:00\" \/>\n<meta name=\"twitter:card\" content=\"summary_large_image\" \/>\n<meta name=\"twitter:label1\" content=\"Tiempo de lectura\" \/>\n\t<meta name=\"twitter:data1\" content=\"1 minuto\" \/>\n<script type=\"application\/ld+json\" class=\"yoast-schema-graph\">{\"@context\":\"https:\/\/schema.org\",\"@graph\":[{\"@type\":\"WebPage\",\"@id\":\"https:\/\/amateaudio.com\/es\/solicita-informacion\/\",\"url\":\"https:\/\/amateaudio.com\/es\/solicita-informacion\/\",\"name\":\"Solicita Informaci\u00f3n - Amate Audio\",\"isPartOf\":{\"@id\":\"https:\/\/amateaudio.com\/es\/#website\"},\"datePublished\":\"2021-04-20T08:27:07+00:00\",\"dateModified\":\"2026-02-10T14:07:27+00:00\",\"breadcrumb\":{\"@id\":\"https:\/\/amateaudio.com\/es\/solicita-informacion\/#breadcrumb\"},\"inLanguage\":\"es\",\"potentialAction\":[{\"@type\":\"ReadAction\",\"target\":[\"https:\/\/amateaudio.com\/es\/solicita-informacion\/\"]}]},{\"@type\":\"BreadcrumbList\",\"@id\":\"https:\/\/amateaudio.com\/es\/solicita-informacion\/#breadcrumb\",\"itemListElement\":[{\"@type\":\"ListItem\",\"position\":1,\"name\":\"Home\",\"item\":\"https:\/\/amateaudio.com\/es\/\"},{\"@type\":\"ListItem\",\"position\":2,\"name\":\"Solicita Informaci\u00f3n\"}]},{\"@type\":\"WebSite\",\"@id\":\"https:\/\/amateaudio.com\/es\/#website\",\"url\":\"https:\/\/amateaudio.com\/es\/\",\"name\":\"Amate Audio\",\"description\":\"Amate Audio from Barcelona\",\"publisher\":{\"@id\":\"https:\/\/amateaudio.com\/es\/#organization\"},\"potentialAction\":[{\"@type\":\"SearchAction\",\"target\":{\"@type\":\"EntryPoint\",\"urlTemplate\":\"https:\/\/amateaudio.com\/es\/?s={search_term_string}\"},\"query-input\":{\"@type\":\"PropertyValueSpecification\",\"valueRequired\":true,\"valueName\":\"search_term_string\"}}],\"inLanguage\":\"es\"},{\"@type\":\"Organization\",\"@id\":\"https:\/\/amateaudio.com\/es\/#organization\",\"name\":\"Amate Audio\",\"url\":\"https:\/\/amateaudio.com\/es\/\",\"logo\":{\"@type\":\"ImageObject\",\"inLanguage\":\"es\",\"@id\":\"https:\/\/amateaudio.com\/es\/#\/schema\/logo\/image\/\",\"url\":\"https:\/\/amateaudio.com\/wp-content\/uploads\/2021\/05\/Recurso-8-1.png\",\"contentUrl\":\"https:\/\/amateaudio.com\/wp-content\/uploads\/2021\/05\/Recurso-8-1.png\",\"width\":120,\"height\":120,\"caption\":\"Amate Audio\"},\"image\":{\"@id\":\"https:\/\/amateaudio.com\/es\/#\/schema\/logo\/image\/\"},\"sameAs\":[\"https:\/\/www.facebook.com\/amateaudio\",\"https:\/\/www.instagram.com\/amateaudio\/\",\"https:\/\/www.linkedin.com\/company\/amate-audio\",\"https:\/\/vimeo.com\/amateaudio\"]}]}<\/script>\n<!-- \/ Yoast SEO plugin. -->","yoast_head_json":{"title":"Solicita Informaci\u00f3n - Amate Audio","robots":{"index":"noindex","follow":"follow"},"og_locale":"es_ES","og_type":"article","og_title":"Solicita Informaci\u00f3n - Amate Audio","og_description":"Solicita informaci\u00f3n sobre un producto o una configuraci\u00f3n \u00bfNecesitas alquilar un equipo, comprar un producto Amate Audio, o asistencia en tu instalaci\u00f3n? Escr\u00edbenos y nuestro departamento comercial te responder\u00e1 lo antes posible. Encuentra tu distribuidor m\u00e1s cercano Distribuidores Consulta nuestros distribuidores &gt; Rental Find and rent Amate Audio solutions close to you &gt;","og_url":"https:\/\/amateaudio.com\/es\/solicita-informacion\/","og_site_name":"Amate Audio","article_publisher":"https:\/\/www.facebook.com\/amateaudio","article_modified_time":"2026-02-10T14:07:27+00:00","twitter_card":"summary_large_image","twitter_misc":{"Tiempo de lectura":"1 minuto"},"schema":{"@context":"https:\/\/schema.org","@graph":[{"@type":"WebPage","@id":"https:\/\/amateaudio.com\/es\/solicita-informacion\/","url":"https:\/\/amateaudio.com\/es\/solicita-informacion\/","name":"Solicita Informaci\u00f3n - Amate Audio","isPartOf":{"@id":"https:\/\/amateaudio.com\/es\/#website"},"datePublished":"2021-04-20T08:27:07+00:00","dateModified":"2026-02-10T14:07:27+00:00","breadcrumb":{"@id":"https:\/\/amateaudio.com\/es\/solicita-informacion\/#breadcrumb"},"inLanguage":"es","potentialAction":[{"@type":"ReadAction","target":["https:\/\/amateaudio.com\/es\/solicita-informacion\/"]}]},{"@type":"BreadcrumbList","@id":"https:\/\/amateaudio.com\/es\/solicita-informacion\/#breadcrumb","itemListElement":[{"@type":"ListItem","position":1,"name":"Home","item":"https:\/\/amateaudio.com\/es\/"},{"@type":"ListItem","position":2,"name":"Solicita Informaci\u00f3n"}]},{"@type":"WebSite","@id":"https:\/\/amateaudio.com\/es\/#website","url":"https:\/\/amateaudio.com\/es\/","name":"Amate Audio","description":"Amate Audio from Barcelona","publisher":{"@id":"https:\/\/amateaudio.com\/es\/#organization"},"potentialAction":[{"@type":"SearchAction","target":{"@type":"EntryPoint","urlTemplate":"https:\/\/amateaudio.com\/es\/?s={search_term_string}"},"query-input":{"@type":"PropertyValueSpecification","valueRequired":true,"valueName":"search_term_string"}}],"inLanguage":"es"},{"@type":"Organization","@id":"https:\/\/amateaudio.com\/es\/#organization","name":"Amate Audio","url":"https:\/\/amateaudio.com\/es\/","logo":{"@type":"ImageObject","inLanguage":"es","@id":"https:\/\/amateaudio.com\/es\/#\/schema\/logo\/image\/","url":"https:\/\/amateaudio.com\/wp-content\/uploads\/2021\/05\/Recurso-8-1.png","contentUrl":"https:\/\/amateaudio.com\/wp-content\/uploads\/2021\/05\/Recurso-8-1.png","width":120,"height":120,"caption":"Amate Audio"},"image":{"@id":"https:\/\/amateaudio.com\/es\/#\/schema\/logo\/image\/"},"sameAs":["https:\/\/www.facebook.com\/amateaudio","https:\/\/www.instagram.com\/amateaudio\/","https:\/\/www.linkedin.com\/company\/amate-audio","https:\/\/vimeo.com\/amateaudio"]}]}},"_links":{"self":[{"href":"https:\/\/amateaudio.com\/es\/wp-json\/wp\/v2\/pages\/8984","targetHints":{"allow":["GET"]}}],"collection":[{"href":"https:\/\/amateaudio.com\/es\/wp-json\/wp\/v2\/pages"}],"about":[{"href":"https:\/\/amateaudio.com\/es\/wp-json\/wp\/v2\/types\/page"}],"author":[{"embeddable":true,"href":"https:\/\/amateaudio.com\/es\/wp-json\/wp\/v2\/users\/1"}],"replies":[{"embeddable":true,"href":"https:\/\/amateaudio.com\/es\/wp-json\/wp\/v2\/comments?post=8984"}],"version-history":[{"count":81,"href":"https:\/\/amateaudio.com\/es\/wp-json\/wp\/v2\/pages\/8984\/revisions"}],"predecessor-version":[{"id":28218,"href":"https:\/\/amateaudio.com\/es\/wp-json\/wp\/v2\/pages\/8984\/revisions\/28218"}],"wp:attachment":[{"href":"https:\/\/amateaudio.com\/es\/wp-json\/wp\/v2\/media?parent=8984"}],"curies":[{"name":"wp","href":"https:\/\/api.w.org\/{rel}","templated":true}]}}