{"id":24565,"date":"2023-11-16T20:37:51","date_gmt":"2023-11-16T19:37:51","guid":{"rendered":"https:\/\/amateaudio.com\/?page_id=24565"},"modified":"2023-11-17T17:26:17","modified_gmt":"2023-11-17T16:26:17","slug":"next-generation-fotovoltaica","status":"publish","type":"page","link":"https:\/\/amateaudio.com\/es\/next-gen-fotovoltaica\/","title":{"rendered":"Next Generation Fotovoltaica"},"content":{"rendered":"\t\t<div data-elementor-type=\"wp-page\" data-elementor-id=\"24565\" class=\"elementor elementor-24565\" data-elementor-post-type=\"page\">\n\t\t\t\t\t\t<div class=\"elementor-inner\">\n\t\t\t\t<div class=\"elementor-section-wrap\">\n\t\t\t\t\t\t\t\t\t<section class=\"elementor-section elementor-top-section elementor-element elementor-element-89c5695 elementor-section-full_width elementor-section-height-min-height elementor-section-stretched elementor-section-height-default elementor-section-items-middle\" data-id=\"89c5695\" data-element_type=\"section\" data-settings=\"{&quot;background_background&quot;:&quot;classic&quot;,&quot;stretch_section&quot;:&quot;section-stretched&quot;}\">\n\t\t\t\t\t\t\t<div class=\"elementor-background-overlay\"><\/div>\n\t\t\t\t\t\t\t<div class=\"elementor-container elementor-column-gap-no\">\n\t\t\t\t\t\t\t<div class=\"elementor-row\">\n\t\t\t\t\t<div class=\"elementor-column elementor-col-100 elementor-top-column elementor-element elementor-element-8109d76\" data-id=\"8109d76\" data-element_type=\"column\">\n\t\t\t<div class=\"elementor-column-wrap elementor-element-populated\">\n\t\t\t\t\t\t\t<div class=\"elementor-widget-wrap\">\n\t\t\t\t\t\t<section class=\"elementor-section elementor-inner-section elementor-element elementor-element-33ee967 elementor-section-boxed elementor-section-height-default elementor-section-height-default\" data-id=\"33ee967\" data-element_type=\"section\">\n\t\t\t\t\t\t<div class=\"elementor-container elementor-column-gap-default\">\n\t\t\t\t\t\t\t<div class=\"elementor-row\">\n\t\t\t\t\t<div class=\"elementor-column elementor-col-100 elementor-inner-column elementor-element elementor-element-3317490\" data-id=\"3317490\" data-element_type=\"column\">\n\t\t\t<div class=\"elementor-column-wrap elementor-element-populated\">\n\t\t\t\t\t\t\t<div class=\"elementor-widget-wrap\">\n\t\t\t\t\t\t<div class=\"elementor-element elementor-element-16204a2 elementor-widget elementor-widget-heading\" data-id=\"16204a2\" data-element_type=\"widget\" data-widget_type=\"heading.default\">\n\t\t\t\t<div class=\"elementor-widget-container\">\n\t\t\t<h2 class=\"elementor-heading-title elementor-size-default\">Next Generation a la fotovoltaica<\/h2>\t\t<\/div>\n\t\t\t\t<\/div>\n\t\t\t\t\t\t<\/div>\n\t\t\t\t\t<\/div>\n\t\t<\/div>\n\t\t\t\t\t\t\t\t<\/div>\n\t\t\t\t\t<\/div>\n\t\t<\/section>\n\t\t\t\t\t\t<\/div>\n\t\t\t\t\t<\/div>\n\t\t<\/div>\n\t\t\t\t\t\t\t\t<\/div>\n\t\t\t\t\t<\/div>\n\t\t<\/section>\n\t\t\t\t<section class=\"elementor-section elementor-top-section elementor-element elementor-element-8662681 elementor-section-boxed elementor-section-height-default elementor-section-height-default\" data-id=\"8662681\" data-element_type=\"section\">\n\t\t\t\t\t\t<div class=\"elementor-container elementor-column-gap-default\">\n\t\t\t\t\t\t\t<div class=\"elementor-row\">\n\t\t\t\t\t<div class=\"elementor-column elementor-col-100 elementor-top-column elementor-element elementor-element-821fb66\" data-id=\"821fb66\" data-element_type=\"column\">\n\t\t\t<div class=\"elementor-column-wrap elementor-element-populated\">\n\t\t\t\t\t\t\t<div class=\"elementor-widget-wrap\">\n\t\t\t\t\t\t<div class=\"elementor-element elementor-element-c8ab1a4 elementor-widget elementor-widget-text-editor\" data-id=\"c8ab1a4\" data-element_type=\"widget\" data-widget_type=\"text-editor.default\">\n\t\t\t\t<div class=\"elementor-widget-container\">\n\t\t\t\t\t\t\t\t<div class=\"elementor-text-editor elementor-clearfix\">\n\t\t\t\t<strong>Amate Audio avanza hacia la sostenibilidad con la instalaci\u00f3n de paneles fotovoltaicos\n\t\t\t\t\t<\/div>\n\t\t\t\t\t\t<\/div>\n\t\t\t\t<\/div>\n\t\t\t\t<div class=\"elementor-element elementor-element-f770b01 elementor-widget elementor-widget-heading\" data-id=\"f770b01\" data-element_type=\"widget\" data-widget_type=\"heading.default\">\n\t\t\t\t<div class=\"elementor-widget-container\">\n\t\t\t<h2 class=\"elementor-heading-title elementor-size-default\">____<\/h2>\t\t<\/div>\n\t\t\t\t<\/div>\n\t\t\t\t<div class=\"elementor-element elementor-element-71aaece elementor-widget elementor-widget-heading\" data-id=\"71aaece\" data-element_type=\"widget\" data-widget_type=\"heading.default\">\n\t\t\t\t<div class=\"elementor-widget-container\">\n\t\t\t<h2 class=\"elementor-heading-title elementor-size-default\">Damos un paso m\u00e1s en nuestro compromiso con la sostenibilidad introduciendo un nuevo modelo de consumo que respeta el medio ambiente.\n<\/h2>\t\t<\/div>\n\t\t\t\t<\/div>\n\t\t\t\t<div class=\"elementor-element elementor-element-ec08700 elementor-widget elementor-widget-text-editor\" data-id=\"ec08700\" data-element_type=\"widget\" data-widget_type=\"text-editor.default\">\n\t\t\t\t<div class=\"elementor-widget-container\">\n\t\t\t\t\t\t\t\t<div class=\"elementor-text-editor elementor-clearfix\">\n\t\t\t\t<p>Este proyecto, financiado por los Fondos Next Generation EU dentro del Plan de Recuperaci\u00f3n, Transformaci\u00f3n y Resiliencia, forma parte de nuestra estrategia para lograr un consumo y producci\u00f3n de energ\u00eda 100% renovable y de las iniciativas centradas en la transici\u00f3n a energ\u00edas m\u00e1s sostenibles que contribuyan a la reducci\u00f3n de emisiones de CO2.<\/p><p>En su primer a\u00f1o de funcionamiento la instalaci\u00f3n ha generado 13MWh, suponiendo una reduccion de emisiones de CO2 de 13 toneladas.<br><\/p>\t\t\t\t\t<\/div>\n\t\t\t\t\t\t<\/div>\n\t\t\t\t<\/div>\n\t\t\t\t<div class=\"elementor-element elementor-element-d704ac3 elementor-widget elementor-widget-spacer\" data-id=\"d704ac3\" data-element_type=\"widget\" data-widget_type=\"spacer.default\">\n\t\t\t\t<div class=\"elementor-widget-container\">\n\t\t\t\t\t<div class=\"elementor-spacer\">\n\t\t\t<div class=\"elementor-spacer-inner\"><\/div>\n\t\t<\/div>\n\t\t\t\t<\/div>\n\t\t\t\t<\/div>\n\t\t\t\t\t\t<\/div>\n\t\t\t\t\t<\/div>\n\t\t<\/div>\n\t\t\t\t\t\t\t\t<\/div>\n\t\t\t\t\t<\/div>\n\t\t<\/section>\n\t\t\t\t<section class=\"elementor-section elementor-top-section elementor-element elementor-element-d992eeb elementor-section-full_width elementor-section-height-default elementor-section-height-default\" data-id=\"d992eeb\" data-element_type=\"section\">\n\t\t\t\t\t\t<div class=\"elementor-container elementor-column-gap-default\">\n\t\t\t\t\t\t\t<div class=\"elementor-row\">\n\t\t\t\t\t<div class=\"elementor-column elementor-col-100 elementor-top-column elementor-element elementor-element-2163426\" data-id=\"2163426\" data-element_type=\"column\">\n\t\t\t<div class=\"elementor-column-wrap elementor-element-populated\">\n\t\t\t\t\t\t\t<div class=\"elementor-widget-wrap\">\n\t\t\t\t\t\t<div class=\"elementor-element elementor-element-393c206 elementor-widget elementor-widget-image\" data-id=\"393c206\" data-element_type=\"widget\" data-widget_type=\"image.default\">\n\t\t\t\t<div class=\"elementor-widget-container\">\n\t\t\t\t\t\t\t\t<div class=\"elementor-image\">\n\t\t\t\t\t\t\t\t\t\t\t\t<img decoding=\"async\" width=\"1024\" height=\"72\" data-src=\"https:\/\/amateaudio.com\/wp-content\/uploads\/2023\/11\/Renovables-horitzontal-1024x72.png\" class=\"attachment-large size-large wp-image-24570 lazyload\" alt=\"\" data-srcset=\"https:\/\/amateaudio.com\/wp-content\/uploads\/2023\/11\/Renovables-horitzontal-1024x72.png 1024w, https:\/\/amateaudio.com\/wp-content\/uploads\/2023\/11\/Renovables-horitzontal-300x21.png 300w, https:\/\/amateaudio.com\/wp-content\/uploads\/2023\/11\/Renovables-horitzontal-768x54.png 768w, https:\/\/amateaudio.com\/wp-content\/uploads\/2023\/11\/Renovables-horitzontal-1536x108.png 1536w, https:\/\/amateaudio.com\/wp-content\/uploads\/2023\/11\/Renovables-horitzontal-2048x143.png 2048w, https:\/\/amateaudio.com\/wp-content\/uploads\/2023\/11\/Renovables-horitzontal.png 1920w\" data-sizes=\"(max-width: 1024px) 100vw, 1024px\" src=\"data:image\/svg+xml;base64,PHN2ZyB3aWR0aD0iMSIgaGVpZ2h0PSIxIiB4bWxucz0iaHR0cDovL3d3dy53My5vcmcvMjAwMC9zdmciPjwvc3ZnPg==\" style=\"--smush-placeholder-width: 1024px; --smush-placeholder-aspect-ratio: 1024\/72;\" \/>\t\t\t\t\t\t\t\t\t\t\t\t\t\t<\/div>\n\t\t\t\t\t\t<\/div>\n\t\t\t\t<\/div>\n\t\t\t\t<div class=\"elementor-element elementor-element-078d550 elementor-widget elementor-widget-spacer\" data-id=\"078d550\" data-element_type=\"widget\" data-widget_type=\"spacer.default\">\n\t\t\t\t<div class=\"elementor-widget-container\">\n\t\t\t\t\t<div class=\"elementor-spacer\">\n\t\t\t<div class=\"elementor-spacer-inner\"><\/div>\n\t\t<\/div>\n\t\t\t\t<\/div>\n\t\t\t\t<\/div>\n\t\t\t\t\t\t<\/div>\n\t\t\t\t\t<\/div>\n\t\t<\/div>\n\t\t\t\t\t\t\t\t<\/div>\n\t\t\t\t\t<\/div>\n\t\t<\/section>\n\t\t\t\t\t\t\t\t\t<\/div>\n\t\t\t<\/div>\n\t\t\t\t\t<\/div>\n\t\t","protected":false},"excerpt":{"rendered":"<p>Next Generation a la fotovoltaica Amate Audio avanza hacia la sostenibilidad con la instalaci\u00f3n de paneles fotovoltaicos ____ Damos un paso m\u00e1s en nuestro compromiso con la sostenibilidad introduciendo un nuevo modelo de consumo que respeta el medio ambiente. Este proyecto, financiado por los Fondos Next Generation EU dentro del Plan de Recuperaci\u00f3n, Transformaci\u00f3n y [&hellip;]<\/p>\n","protected":false},"author":1,"featured_media":0,"parent":0,"menu_order":0,"comment_status":"closed","ping_status":"closed","template":"elementor_header_footer","meta":{"footnotes":""},"class_list":["post-24565","page","type-page","status-publish","hentry"],"yoast_head":"<!-- This site is optimized with the Yoast SEO plugin v26.9 - https:\/\/yoast.com\/product\/yoast-seo-wordpress\/ -->\n<title>Next Generation Fotovoltaica - Amate Audio<\/title>\n<meta name=\"robots\" content=\"index, follow, max-snippet:-1, max-image-preview:large, max-video-preview:-1\" \/>\n<link rel=\"canonical\" href=\"https:\/\/amateaudio.com\/es\/next-gen-fotovoltaica\/\" \/>\n<meta property=\"og:locale\" content=\"es_ES\" \/>\n<meta property=\"og:type\" content=\"article\" \/>\n<meta property=\"og:title\" content=\"Next Generation Fotovoltaica - Amate Audio\" \/>\n<meta property=\"og:description\" content=\"Next Generation a la fotovoltaica Amate Audio avanza hacia la sostenibilidad con la instalaci\u00f3n de paneles fotovoltaicos ____ Damos un paso m\u00e1s en nuestro compromiso con la sostenibilidad introduciendo un nuevo modelo de consumo que respeta el medio ambiente. Este proyecto, financiado por los Fondos Next Generation EU dentro del Plan de Recuperaci\u00f3n, Transformaci\u00f3n y [&hellip;]\" \/>\n<meta property=\"og:url\" content=\"https:\/\/amateaudio.com\/es\/next-gen-fotovoltaica\/\" \/>\n<meta property=\"og:site_name\" content=\"Amate Audio\" \/>\n<meta property=\"article:publisher\" content=\"https:\/\/www.facebook.com\/amateaudio\" \/>\n<meta property=\"article:modified_time\" content=\"2023-11-17T16:26:17+00:00\" \/>\n<meta property=\"og:image\" content=\"https:\/\/amateaudio.com\/wp-content\/uploads\/2023\/11\/Renovables-horitzontal-1024x72.png\" \/>\n<meta name=\"twitter:card\" content=\"summary_large_image\" \/>\n<meta name=\"twitter:label1\" content=\"Tiempo de lectura\" \/>\n\t<meta name=\"twitter:data1\" content=\"1 minuto\" \/>\n<script type=\"application\/ld+json\" class=\"yoast-schema-graph\">{\"@context\":\"https:\/\/schema.org\",\"@graph\":[{\"@type\":\"WebPage\",\"@id\":\"https:\/\/amateaudio.com\/es\/next-gen-fotovoltaica\/\",\"url\":\"https:\/\/amateaudio.com\/es\/next-gen-fotovoltaica\/\",\"name\":\"Next Generation Fotovoltaica - Amate Audio\",\"isPartOf\":{\"@id\":\"https:\/\/amateaudio.com\/es\/#website\"},\"primaryImageOfPage\":{\"@id\":\"https:\/\/amateaudio.com\/es\/next-gen-fotovoltaica\/#primaryimage\"},\"image\":{\"@id\":\"https:\/\/amateaudio.com\/es\/next-gen-fotovoltaica\/#primaryimage\"},\"thumbnailUrl\":\"https:\/\/amateaudio.com\/wp-content\/uploads\/2023\/11\/Renovables-horitzontal-1024x72.png\",\"datePublished\":\"2023-11-16T19:37:51+00:00\",\"dateModified\":\"2023-11-17T16:26:17+00:00\",\"breadcrumb\":{\"@id\":\"https:\/\/amateaudio.com\/es\/next-gen-fotovoltaica\/#breadcrumb\"},\"inLanguage\":\"es\",\"potentialAction\":[{\"@type\":\"ReadAction\",\"target\":[\"https:\/\/amateaudio.com\/es\/next-gen-fotovoltaica\/\"]}]},{\"@type\":\"ImageObject\",\"inLanguage\":\"es\",\"@id\":\"https:\/\/amateaudio.com\/es\/next-gen-fotovoltaica\/#primaryimage\",\"url\":\"https:\/\/amateaudio.com\/wp-content\/uploads\/2023\/11\/Renovables-horitzontal-1024x72.png\",\"contentUrl\":\"https:\/\/amateaudio.com\/wp-content\/uploads\/2023\/11\/Renovables-horitzontal-1024x72.png\"},{\"@type\":\"BreadcrumbList\",\"@id\":\"https:\/\/amateaudio.com\/es\/next-gen-fotovoltaica\/#breadcrumb\",\"itemListElement\":[{\"@type\":\"ListItem\",\"position\":1,\"name\":\"Home\",\"item\":\"https:\/\/amateaudio.com\/es\/\"},{\"@type\":\"ListItem\",\"position\":2,\"name\":\"Next Generation Fotovoltaica\"}]},{\"@type\":\"WebSite\",\"@id\":\"https:\/\/amateaudio.com\/es\/#website\",\"url\":\"https:\/\/amateaudio.com\/es\/\",\"name\":\"Amate Audio\",\"description\":\"Amate Audio from Barcelona\",\"publisher\":{\"@id\":\"https:\/\/amateaudio.com\/es\/#organization\"},\"potentialAction\":[{\"@type\":\"SearchAction\",\"target\":{\"@type\":\"EntryPoint\",\"urlTemplate\":\"https:\/\/amateaudio.com\/es\/?s={search_term_string}\"},\"query-input\":{\"@type\":\"PropertyValueSpecification\",\"valueRequired\":true,\"valueName\":\"search_term_string\"}}],\"inLanguage\":\"es\"},{\"@type\":\"Organization\",\"@id\":\"https:\/\/amateaudio.com\/es\/#organization\",\"name\":\"Amate Audio\",\"url\":\"https:\/\/amateaudio.com\/es\/\",\"logo\":{\"@type\":\"ImageObject\",\"inLanguage\":\"es\",\"@id\":\"https:\/\/amateaudio.com\/es\/#\/schema\/logo\/image\/\",\"url\":\"https:\/\/amateaudio.com\/wp-content\/uploads\/2021\/05\/Recurso-8-1.png\",\"contentUrl\":\"https:\/\/amateaudio.com\/wp-content\/uploads\/2021\/05\/Recurso-8-1.png\",\"width\":120,\"height\":120,\"caption\":\"Amate Audio\"},\"image\":{\"@id\":\"https:\/\/amateaudio.com\/es\/#\/schema\/logo\/image\/\"},\"sameAs\":[\"https:\/\/www.facebook.com\/amateaudio\",\"https:\/\/www.instagram.com\/amateaudio\/\",\"https:\/\/www.linkedin.com\/company\/amate-audio\",\"https:\/\/vimeo.com\/amateaudio\"]}]}<\/script>\n<!-- \/ Yoast SEO plugin. -->","yoast_head_json":{"title":"Next Generation Fotovoltaica - Amate Audio","robots":{"index":"index","follow":"follow","max-snippet":"max-snippet:-1","max-image-preview":"max-image-preview:large","max-video-preview":"max-video-preview:-1"},"canonical":"https:\/\/amateaudio.com\/es\/next-gen-fotovoltaica\/","og_locale":"es_ES","og_type":"article","og_title":"Next Generation Fotovoltaica - Amate Audio","og_description":"Next Generation a la fotovoltaica Amate Audio avanza hacia la sostenibilidad con la instalaci\u00f3n de paneles fotovoltaicos ____ Damos un paso m\u00e1s en nuestro compromiso con la sostenibilidad introduciendo un nuevo modelo de consumo que respeta el medio ambiente. Este proyecto, financiado por los Fondos Next Generation EU dentro del Plan de Recuperaci\u00f3n, Transformaci\u00f3n y [&hellip;]","og_url":"https:\/\/amateaudio.com\/es\/next-gen-fotovoltaica\/","og_site_name":"Amate Audio","article_publisher":"https:\/\/www.facebook.com\/amateaudio","article_modified_time":"2023-11-17T16:26:17+00:00","og_image":[{"url":"https:\/\/amateaudio.com\/wp-content\/uploads\/2023\/11\/Renovables-horitzontal-1024x72.png","type":"","width":"","height":""}],"twitter_card":"summary_large_image","twitter_misc":{"Tiempo de lectura":"1 minuto"},"schema":{"@context":"https:\/\/schema.org","@graph":[{"@type":"WebPage","@id":"https:\/\/amateaudio.com\/es\/next-gen-fotovoltaica\/","url":"https:\/\/amateaudio.com\/es\/next-gen-fotovoltaica\/","name":"Next Generation Fotovoltaica - Amate Audio","isPartOf":{"@id":"https:\/\/amateaudio.com\/es\/#website"},"primaryImageOfPage":{"@id":"https:\/\/amateaudio.com\/es\/next-gen-fotovoltaica\/#primaryimage"},"image":{"@id":"https:\/\/amateaudio.com\/es\/next-gen-fotovoltaica\/#primaryimage"},"thumbnailUrl":"https:\/\/amateaudio.com\/wp-content\/uploads\/2023\/11\/Renovables-horitzontal-1024x72.png","datePublished":"2023-11-16T19:37:51+00:00","dateModified":"2023-11-17T16:26:17+00:00","breadcrumb":{"@id":"https:\/\/amateaudio.com\/es\/next-gen-fotovoltaica\/#breadcrumb"},"inLanguage":"es","potentialAction":[{"@type":"ReadAction","target":["https:\/\/amateaudio.com\/es\/next-gen-fotovoltaica\/"]}]},{"@type":"ImageObject","inLanguage":"es","@id":"https:\/\/amateaudio.com\/es\/next-gen-fotovoltaica\/#primaryimage","url":"https:\/\/amateaudio.com\/wp-content\/uploads\/2023\/11\/Renovables-horitzontal-1024x72.png","contentUrl":"https:\/\/amateaudio.com\/wp-content\/uploads\/2023\/11\/Renovables-horitzontal-1024x72.png"},{"@type":"BreadcrumbList","@id":"https:\/\/amateaudio.com\/es\/next-gen-fotovoltaica\/#breadcrumb","itemListElement":[{"@type":"ListItem","position":1,"name":"Home","item":"https:\/\/amateaudio.com\/es\/"},{"@type":"ListItem","position":2,"name":"Next Generation Fotovoltaica"}]},{"@type":"WebSite","@id":"https:\/\/amateaudio.com\/es\/#website","url":"https:\/\/amateaudio.com\/es\/","name":"Amate Audio","description":"Amate Audio from Barcelona","publisher":{"@id":"https:\/\/amateaudio.com\/es\/#organization"},"potentialAction":[{"@type":"SearchAction","target":{"@type":"EntryPoint","urlTemplate":"https:\/\/amateaudio.com\/es\/?s={search_term_string}"},"query-input":{"@type":"PropertyValueSpecification","valueRequired":true,"valueName":"search_term_string"}}],"inLanguage":"es"},{"@type":"Organization","@id":"https:\/\/amateaudio.com\/es\/#organization","name":"Amate Audio","url":"https:\/\/amateaudio.com\/es\/","logo":{"@type":"ImageObject","inLanguage":"es","@id":"https:\/\/amateaudio.com\/es\/#\/schema\/logo\/image\/","url":"https:\/\/amateaudio.com\/wp-content\/uploads\/2021\/05\/Recurso-8-1.png","contentUrl":"https:\/\/amateaudio.com\/wp-content\/uploads\/2021\/05\/Recurso-8-1.png","width":120,"height":120,"caption":"Amate Audio"},"image":{"@id":"https:\/\/amateaudio.com\/es\/#\/schema\/logo\/image\/"},"sameAs":["https:\/\/www.facebook.com\/amateaudio","https:\/\/www.instagram.com\/amateaudio\/","https:\/\/www.linkedin.com\/company\/amate-audio","https:\/\/vimeo.com\/amateaudio"]}]}},"_links":{"self":[{"href":"https:\/\/amateaudio.com\/es\/wp-json\/wp\/v2\/pages\/24565","targetHints":{"allow":["GET"]}}],"collection":[{"href":"https:\/\/amateaudio.com\/es\/wp-json\/wp\/v2\/pages"}],"about":[{"href":"https:\/\/amateaudio.com\/es\/wp-json\/wp\/v2\/types\/page"}],"author":[{"embeddable":true,"href":"https:\/\/amateaudio.com\/es\/wp-json\/wp\/v2\/users\/1"}],"replies":[{"embeddable":true,"href":"https:\/\/amateaudio.com\/es\/wp-json\/wp\/v2\/comments?post=24565"}],"version-history":[{"count":14,"href":"https:\/\/amateaudio.com\/es\/wp-json\/wp\/v2\/pages\/24565\/revisions"}],"predecessor-version":[{"id":24605,"href":"https:\/\/amateaudio.com\/es\/wp-json\/wp\/v2\/pages\/24565\/revisions\/24605"}],"wp:attachment":[{"href":"https:\/\/amateaudio.com\/es\/wp-json\/wp\/v2\/media?parent=24565"}],"curies":[{"name":"wp","href":"https:\/\/api.w.org\/{rel}","templated":true}]}}