{"id":16553,"date":"2021-09-27T10:07:58","date_gmt":"2021-09-27T09:07:58","guid":{"rendered":"https:\/\/amateaudio.com\/?page_id=16553"},"modified":"2021-10-13T10:05:32","modified_gmt":"2021-10-13T09:05:32","slug":"informacion-tecnica","status":"publish","type":"page","link":"https:\/\/amateaudio.com\/es\/informacion-tecnica\/","title":{"rendered":"Informaci\u00f3n T\u00e9cnica"},"content":{"rendered":"\t\t<div data-elementor-type=\"wp-page\" data-elementor-id=\"16553\" class=\"elementor elementor-16553 elementor-16181\" data-elementor-post-type=\"page\">\n\t\t\t\t\t\t<div class=\"elementor-inner\">\n\t\t\t\t<div class=\"elementor-section-wrap\">\n\t\t\t\t\t\t\t\t\t<section class=\"elementor-section elementor-top-section elementor-element elementor-element-bd0361a elementor-section-boxed elementor-section-height-default elementor-section-height-default\" data-id=\"bd0361a\" data-element_type=\"section\">\n\t\t\t\t\t\t<div class=\"elementor-container elementor-column-gap-default\">\n\t\t\t\t\t\t\t<div class=\"elementor-row\">\n\t\t\t\t\t<div class=\"elementor-column elementor-col-100 elementor-top-column elementor-element elementor-element-8e41ffd\" data-id=\"8e41ffd\" data-element_type=\"column\">\n\t\t\t<div class=\"elementor-column-wrap elementor-element-populated\">\n\t\t\t\t\t\t\t<div class=\"elementor-widget-wrap\">\n\t\t\t\t\t\t<div class=\"elementor-element elementor-element-2955e63 elementor-widget elementor-widget-spacer\" data-id=\"2955e63\" data-element_type=\"widget\" data-widget_type=\"spacer.default\">\n\t\t\t\t<div class=\"elementor-widget-container\">\n\t\t\t\t\t<div class=\"elementor-spacer\">\n\t\t\t<div class=\"elementor-spacer-inner\"><\/div>\n\t\t<\/div>\n\t\t\t\t<\/div>\n\t\t\t\t<\/div>\n\t\t\t\t\t\t<\/div>\n\t\t\t\t\t<\/div>\n\t\t<\/div>\n\t\t\t\t\t\t\t\t<\/div>\n\t\t\t\t\t<\/div>\n\t\t<\/section>\n\t\t\t\t<section class=\"elementor-section elementor-top-section elementor-element elementor-element-a922b1e elementor-section-boxed elementor-section-height-default elementor-section-height-default\" data-id=\"a922b1e\" data-element_type=\"section\">\n\t\t\t\t\t\t<div class=\"elementor-container elementor-column-gap-default\">\n\t\t\t\t\t\t\t<div class=\"elementor-row\">\n\t\t\t\t\t<div class=\"elementor-column elementor-col-100 elementor-top-column elementor-element elementor-element-a58848f\" data-id=\"a58848f\" data-element_type=\"column\">\n\t\t\t<div class=\"elementor-column-wrap elementor-element-populated\">\n\t\t\t\t\t\t\t<div class=\"elementor-widget-wrap\">\n\t\t\t\t\t\t<div class=\"elementor-element elementor-element-e1fd01d elementor-widget elementor-widget-heading\" data-id=\"e1fd01d\" data-element_type=\"widget\" data-widget_type=\"heading.default\">\n\t\t\t\t<div class=\"elementor-widget-container\">\n\t\t\t<h2 class=\"elementor-heading-title elementor-size-default\">Informaci\u00f3n T\u00e9cnica<\/h2>\t\t<\/div>\n\t\t\t\t<\/div>\n\t\t\t\t\t\t<\/div>\n\t\t\t\t\t<\/div>\n\t\t<\/div>\n\t\t\t\t\t\t\t\t<\/div>\n\t\t\t\t\t<\/div>\n\t\t<\/section>\n\t\t\t\t<section class=\"elementor-section elementor-top-section elementor-element elementor-element-24232b5 elementor-section-boxed elementor-section-height-default elementor-section-height-default\" data-id=\"24232b5\" data-element_type=\"section\">\n\t\t\t\t\t\t<div class=\"elementor-container elementor-column-gap-default\">\n\t\t\t\t\t\t\t<div class=\"elementor-row\">\n\t\t\t\t\t<div class=\"elementor-column elementor-col-100 elementor-top-column elementor-element elementor-element-4830886\" data-id=\"4830886\" data-element_type=\"column\">\n\t\t\t<div class=\"elementor-column-wrap elementor-element-populated\">\n\t\t\t\t\t\t\t<div class=\"elementor-widget-wrap\">\n\t\t\t\t\t\t<div class=\"elementor-element elementor-element-bc9bdda elementor-widget elementor-widget-spacer\" data-id=\"bc9bdda\" data-element_type=\"widget\" data-widget_type=\"spacer.default\">\n\t\t\t\t<div class=\"elementor-widget-container\">\n\t\t\t\t\t<div class=\"elementor-spacer\">\n\t\t\t<div class=\"elementor-spacer-inner\"><\/div>\n\t\t<\/div>\n\t\t\t\t<\/div>\n\t\t\t\t<\/div>\n\t\t\t\t<div class=\"elementor-element elementor-element-6bc1133 elementor-widget elementor-widget-heading\" data-id=\"6bc1133\" data-element_type=\"widget\" data-widget_type=\"heading.default\">\n\t\t\t\t<div class=\"elementor-widget-container\">\n\t\t\t<h2 class=\"elementor-heading-title elementor-size-default\">Conoce nuestros sistemas y nuestras configuraciones sugeridas<\/h2>\t\t<\/div>\n\t\t\t\t<\/div>\n\t\t\t\t\t\t<\/div>\n\t\t\t\t\t<\/div>\n\t\t<\/div>\n\t\t\t\t\t\t\t\t<\/div>\n\t\t\t\t\t<\/div>\n\t\t<\/section>\n\t\t\t\t<section class=\"elementor-section elementor-top-section elementor-element elementor-element-3925545 elementor-section-boxed elementor-section-height-default elementor-section-height-default\" data-id=\"3925545\" data-element_type=\"section\">\n\t\t\t\t\t\t<div class=\"elementor-container elementor-column-gap-default\">\n\t\t\t\t\t\t\t<div class=\"elementor-row\">\n\t\t\t\t\t<div class=\"elementor-column elementor-col-100 elementor-top-column elementor-element elementor-element-0f37469\" data-id=\"0f37469\" data-element_type=\"column\">\n\t\t\t<div class=\"elementor-column-wrap elementor-element-populated\">\n\t\t\t\t\t\t\t<div class=\"elementor-widget-wrap\">\n\t\t\t\t\t\t<div class=\"elementor-element elementor-element-bdc26d1 elementor-widget elementor-widget-heading\" data-id=\"bdc26d1\" data-element_type=\"widget\" data-widget_type=\"heading.default\">\n\t\t\t\t<div class=\"elementor-widget-container\">\n\t\t\t<h2 class=\"elementor-heading-title elementor-size-default\">____\n<\/h2>\t\t<\/div>\n\t\t\t\t<\/div>\n\t\t\t\t\t\t<\/div>\n\t\t\t\t\t<\/div>\n\t\t<\/div>\n\t\t\t\t\t\t\t\t<\/div>\n\t\t\t\t\t<\/div>\n\t\t<\/section>\n\t\t\t\t<section class=\"elementor-section elementor-top-section elementor-element elementor-element-79b8add elementor-section-boxed elementor-section-height-default elementor-section-height-default\" data-id=\"79b8add\" data-element_type=\"section\">\n\t\t\t\t\t\t<div class=\"elementor-container elementor-column-gap-default\">\n\t\t\t\t\t\t\t<div class=\"elementor-row\">\n\t\t\t\t\t<div class=\"elementor-column elementor-col-100 elementor-top-column elementor-element elementor-element-59d8561\" data-id=\"59d8561\" data-element_type=\"column\">\n\t\t\t<div class=\"elementor-column-wrap elementor-element-populated\">\n\t\t\t\t\t\t\t<div class=\"elementor-widget-wrap\">\n\t\t\t\t\t\t<div class=\"elementor-element elementor-element-e527838 elementor-widget elementor-widget-spacer\" data-id=\"e527838\" data-element_type=\"widget\" data-widget_type=\"spacer.default\">\n\t\t\t\t<div class=\"elementor-widget-container\">\n\t\t\t\t\t<div class=\"elementor-spacer\">\n\t\t\t<div class=\"elementor-spacer-inner\"><\/div>\n\t\t<\/div>\n\t\t\t\t<\/div>\n\t\t\t\t<\/div>\n\t\t\t\t\t\t<\/div>\n\t\t\t\t\t<\/div>\n\t\t<\/div>\n\t\t\t\t\t\t\t\t<\/div>\n\t\t\t\t\t<\/div>\n\t\t<\/section>\n\t\t\t\t<section class=\"elementor-section elementor-top-section elementor-element elementor-element-56753ad elementor-section-boxed elementor-section-height-default elementor-section-height-default\" data-id=\"56753ad\" data-element_type=\"section\">\n\t\t\t\t\t\t<div class=\"elementor-container elementor-column-gap-default\">\n\t\t\t\t\t\t\t<div class=\"elementor-row\">\n\t\t\t\t\t<div class=\"elementor-column elementor-col-100 elementor-top-column elementor-element elementor-element-652bd5d\" data-id=\"652bd5d\" data-element_type=\"column\">\n\t\t\t<div class=\"elementor-column-wrap elementor-element-populated\">\n\t\t\t\t\t\t\t<div class=\"elementor-widget-wrap\">\n\t\t\t\t\t\t\t\t<\/div>\n\t\t\t\t\t<\/div>\n\t\t<\/div>\n\t\t\t\t\t\t\t\t<\/div>\n\t\t\t\t\t<\/div>\n\t\t<\/section>\n\t\t\t\t\t\t\t\t\t<\/div>\n\t\t\t<\/div>\n\t\t\t\t\t<\/div>\n\t\t","protected":false},"excerpt":{"rendered":"<p>Informaci\u00f3n T\u00e9cnica Conoce nuestros sistemas y nuestras configuraciones sugeridas ____<\/p>\n","protected":false},"author":1,"featured_media":0,"parent":0,"menu_order":0,"comment_status":"closed","ping_status":"closed","template":"","meta":{"footnotes":""},"class_list":["post-16553","page","type-page","status-publish","hentry"],"yoast_head":"<!-- This site is optimized with the Yoast SEO plugin v26.9 - https:\/\/yoast.com\/product\/yoast-seo-wordpress\/ -->\n<title>Informaci\u00f3n T\u00e9cnica - Amate Audio<\/title>\n<meta name=\"robots\" content=\"index, follow, max-snippet:-1, max-image-preview:large, max-video-preview:-1\" \/>\n<link rel=\"canonical\" href=\"https:\/\/amateaudio.com\/es\/informacion-tecnica\/\" \/>\n<meta property=\"og:locale\" content=\"es_ES\" \/>\n<meta property=\"og:type\" content=\"article\" \/>\n<meta property=\"og:title\" content=\"Informaci\u00f3n T\u00e9cnica - Amate Audio\" \/>\n<meta property=\"og:description\" content=\"Informaci\u00f3n T\u00e9cnica Conoce nuestros sistemas y nuestras configuraciones sugeridas ____\" \/>\n<meta property=\"og:url\" content=\"https:\/\/amateaudio.com\/es\/informacion-tecnica\/\" \/>\n<meta property=\"og:site_name\" content=\"Amate Audio\" \/>\n<meta property=\"article:publisher\" content=\"https:\/\/www.facebook.com\/amateaudio\" \/>\n<meta property=\"article:modified_time\" content=\"2021-10-13T09:05:32+00:00\" \/>\n<meta name=\"twitter:card\" content=\"summary_large_image\" \/>\n<meta name=\"twitter:label1\" content=\"Tiempo de lectura\" \/>\n\t<meta name=\"twitter:data1\" content=\"1 minuto\" \/>\n<script type=\"application\/ld+json\" class=\"yoast-schema-graph\">{\"@context\":\"https:\/\/schema.org\",\"@graph\":[{\"@type\":\"WebPage\",\"@id\":\"https:\/\/amateaudio.com\/es\/informacion-tecnica\/\",\"url\":\"https:\/\/amateaudio.com\/es\/informacion-tecnica\/\",\"name\":\"Informaci\u00f3n T\u00e9cnica - Amate Audio\",\"isPartOf\":{\"@id\":\"https:\/\/amateaudio.com\/es\/#website\"},\"datePublished\":\"2021-09-27T09:07:58+00:00\",\"dateModified\":\"2021-10-13T09:05:32+00:00\",\"breadcrumb\":{\"@id\":\"https:\/\/amateaudio.com\/es\/informacion-tecnica\/#breadcrumb\"},\"inLanguage\":\"es\",\"potentialAction\":[{\"@type\":\"ReadAction\",\"target\":[\"https:\/\/amateaudio.com\/es\/informacion-tecnica\/\"]}]},{\"@type\":\"BreadcrumbList\",\"@id\":\"https:\/\/amateaudio.com\/es\/informacion-tecnica\/#breadcrumb\",\"itemListElement\":[{\"@type\":\"ListItem\",\"position\":1,\"name\":\"Home\",\"item\":\"https:\/\/amateaudio.com\/es\/\"},{\"@type\":\"ListItem\",\"position\":2,\"name\":\"Informaci\u00f3n T\u00e9cnica\"}]},{\"@type\":\"WebSite\",\"@id\":\"https:\/\/amateaudio.com\/es\/#website\",\"url\":\"https:\/\/amateaudio.com\/es\/\",\"name\":\"Amate Audio\",\"description\":\"Amate Audio from Barcelona\",\"publisher\":{\"@id\":\"https:\/\/amateaudio.com\/es\/#organization\"},\"potentialAction\":[{\"@type\":\"SearchAction\",\"target\":{\"@type\":\"EntryPoint\",\"urlTemplate\":\"https:\/\/amateaudio.com\/es\/?s={search_term_string}\"},\"query-input\":{\"@type\":\"PropertyValueSpecification\",\"valueRequired\":true,\"valueName\":\"search_term_string\"}}],\"inLanguage\":\"es\"},{\"@type\":\"Organization\",\"@id\":\"https:\/\/amateaudio.com\/es\/#organization\",\"name\":\"Amate Audio\",\"url\":\"https:\/\/amateaudio.com\/es\/\",\"logo\":{\"@type\":\"ImageObject\",\"inLanguage\":\"es\",\"@id\":\"https:\/\/amateaudio.com\/es\/#\/schema\/logo\/image\/\",\"url\":\"https:\/\/amateaudio.com\/wp-content\/uploads\/2021\/05\/Recurso-8-1.png\",\"contentUrl\":\"https:\/\/amateaudio.com\/wp-content\/uploads\/2021\/05\/Recurso-8-1.png\",\"width\":120,\"height\":120,\"caption\":\"Amate Audio\"},\"image\":{\"@id\":\"https:\/\/amateaudio.com\/es\/#\/schema\/logo\/image\/\"},\"sameAs\":[\"https:\/\/www.facebook.com\/amateaudio\",\"https:\/\/www.instagram.com\/amateaudio\/\",\"https:\/\/www.linkedin.com\/company\/amate-audio\",\"https:\/\/vimeo.com\/amateaudio\"]}]}<\/script>\n<!-- \/ Yoast SEO plugin. -->","yoast_head_json":{"title":"Informaci\u00f3n T\u00e9cnica - Amate Audio","robots":{"index":"index","follow":"follow","max-snippet":"max-snippet:-1","max-image-preview":"max-image-preview:large","max-video-preview":"max-video-preview:-1"},"canonical":"https:\/\/amateaudio.com\/es\/informacion-tecnica\/","og_locale":"es_ES","og_type":"article","og_title":"Informaci\u00f3n T\u00e9cnica - Amate Audio","og_description":"Informaci\u00f3n T\u00e9cnica Conoce nuestros sistemas y nuestras configuraciones sugeridas ____","og_url":"https:\/\/amateaudio.com\/es\/informacion-tecnica\/","og_site_name":"Amate Audio","article_publisher":"https:\/\/www.facebook.com\/amateaudio","article_modified_time":"2021-10-13T09:05:32+00:00","twitter_card":"summary_large_image","twitter_misc":{"Tiempo de lectura":"1 minuto"},"schema":{"@context":"https:\/\/schema.org","@graph":[{"@type":"WebPage","@id":"https:\/\/amateaudio.com\/es\/informacion-tecnica\/","url":"https:\/\/amateaudio.com\/es\/informacion-tecnica\/","name":"Informaci\u00f3n T\u00e9cnica - Amate Audio","isPartOf":{"@id":"https:\/\/amateaudio.com\/es\/#website"},"datePublished":"2021-09-27T09:07:58+00:00","dateModified":"2021-10-13T09:05:32+00:00","breadcrumb":{"@id":"https:\/\/amateaudio.com\/es\/informacion-tecnica\/#breadcrumb"},"inLanguage":"es","potentialAction":[{"@type":"ReadAction","target":["https:\/\/amateaudio.com\/es\/informacion-tecnica\/"]}]},{"@type":"BreadcrumbList","@id":"https:\/\/amateaudio.com\/es\/informacion-tecnica\/#breadcrumb","itemListElement":[{"@type":"ListItem","position":1,"name":"Home","item":"https:\/\/amateaudio.com\/es\/"},{"@type":"ListItem","position":2,"name":"Informaci\u00f3n T\u00e9cnica"}]},{"@type":"WebSite","@id":"https:\/\/amateaudio.com\/es\/#website","url":"https:\/\/amateaudio.com\/es\/","name":"Amate Audio","description":"Amate Audio from Barcelona","publisher":{"@id":"https:\/\/amateaudio.com\/es\/#organization"},"potentialAction":[{"@type":"SearchAction","target":{"@type":"EntryPoint","urlTemplate":"https:\/\/amateaudio.com\/es\/?s={search_term_string}"},"query-input":{"@type":"PropertyValueSpecification","valueRequired":true,"valueName":"search_term_string"}}],"inLanguage":"es"},{"@type":"Organization","@id":"https:\/\/amateaudio.com\/es\/#organization","name":"Amate Audio","url":"https:\/\/amateaudio.com\/es\/","logo":{"@type":"ImageObject","inLanguage":"es","@id":"https:\/\/amateaudio.com\/es\/#\/schema\/logo\/image\/","url":"https:\/\/amateaudio.com\/wp-content\/uploads\/2021\/05\/Recurso-8-1.png","contentUrl":"https:\/\/amateaudio.com\/wp-content\/uploads\/2021\/05\/Recurso-8-1.png","width":120,"height":120,"caption":"Amate Audio"},"image":{"@id":"https:\/\/amateaudio.com\/es\/#\/schema\/logo\/image\/"},"sameAs":["https:\/\/www.facebook.com\/amateaudio","https:\/\/www.instagram.com\/amateaudio\/","https:\/\/www.linkedin.com\/company\/amate-audio","https:\/\/vimeo.com\/amateaudio"]}]}},"_links":{"self":[{"href":"https:\/\/amateaudio.com\/es\/wp-json\/wp\/v2\/pages\/16553","targetHints":{"allow":["GET"]}}],"collection":[{"href":"https:\/\/amateaudio.com\/es\/wp-json\/wp\/v2\/pages"}],"about":[{"href":"https:\/\/amateaudio.com\/es\/wp-json\/wp\/v2\/types\/page"}],"author":[{"embeddable":true,"href":"https:\/\/amateaudio.com\/es\/wp-json\/wp\/v2\/users\/1"}],"replies":[{"embeddable":true,"href":"https:\/\/amateaudio.com\/es\/wp-json\/wp\/v2\/comments?post=16553"}],"version-history":[{"count":8,"href":"https:\/\/amateaudio.com\/es\/wp-json\/wp\/v2\/pages\/16553\/revisions"}],"predecessor-version":[{"id":16609,"href":"https:\/\/amateaudio.com\/es\/wp-json\/wp\/v2\/pages\/16553\/revisions\/16609"}],"wp:attachment":[{"href":"https:\/\/amateaudio.com\/es\/wp-json\/wp\/v2\/media?parent=16553"}],"curies":[{"name":"wp","href":"https:\/\/api.w.org\/{rel}","templated":true}]}}