{"id":12044,"date":"2020-11-27T10:52:34","date_gmt":"2020-11-27T09:52:34","guid":{"rendered":"https:\/\/amateaudio.com\/?page_id=12044"},"modified":"2022-01-17T09:41:01","modified_gmt":"2022-01-17T08:41:01","slug":"support","status":"publish","type":"page","link":"https:\/\/amateaudio.com\/es\/soporte\/","title":{"rendered":"Soporte"},"content":{"rendered":"\t\t<div data-elementor-type=\"wp-page\" data-elementor-id=\"12044\" class=\"elementor elementor-12044 elementor-1579\" data-elementor-post-type=\"page\">\n\t\t\t\t\t\t<div class=\"elementor-inner\">\n\t\t\t\t<div class=\"elementor-section-wrap\">\n\t\t\t\t\t\t\t\t\t<section class=\"elementor-section elementor-top-section elementor-element elementor-element-5d15218 elementor-section-boxed elementor-section-height-default elementor-section-height-default\" data-id=\"5d15218\" data-element_type=\"section\">\n\t\t\t\t\t\t<div class=\"elementor-container elementor-column-gap-default\">\n\t\t\t\t\t\t\t<div class=\"elementor-row\">\n\t\t\t\t\t<div class=\"elementor-column elementor-col-100 elementor-top-column elementor-element elementor-element-5c6e52b\" data-id=\"5c6e52b\" data-element_type=\"column\">\n\t\t\t<div class=\"elementor-column-wrap elementor-element-populated\">\n\t\t\t\t\t\t\t<div class=\"elementor-widget-wrap\">\n\t\t\t\t\t\t<div class=\"elementor-element elementor-element-0a1520a elementor-widget elementor-widget-spacer\" data-id=\"0a1520a\" data-element_type=\"widget\" data-widget_type=\"spacer.default\">\n\t\t\t\t<div class=\"elementor-widget-container\">\n\t\t\t\t\t<div class=\"elementor-spacer\">\n\t\t\t<div class=\"elementor-spacer-inner\"><\/div>\n\t\t<\/div>\n\t\t\t\t<\/div>\n\t\t\t\t<\/div>\n\t\t\t\t<div class=\"elementor-element elementor-element-affb049 elementor-widget elementor-widget-heading\" data-id=\"affb049\" data-element_type=\"widget\" data-widget_type=\"heading.default\">\n\t\t\t\t<div class=\"elementor-widget-container\">\n\t\t\t<h2 class=\"elementor-heading-title elementor-size-default\">Conoce m\u00e1s sobre Amate Audio, visualiza los manuales,\nobt\u00e9n las descargas m\u00e1s recientes, resuelve tus dudas y m\u00e1s con nuestro soporte.<\/h2>\t\t<\/div>\n\t\t\t\t<\/div>\n\t\t\t\t\t\t<\/div>\n\t\t\t\t\t<\/div>\n\t\t<\/div>\n\t\t\t\t\t\t\t\t<\/div>\n\t\t\t\t\t<\/div>\n\t\t<\/section>\n\t\t\t\t<section class=\"elementor-section elementor-top-section elementor-element elementor-element-1795908 elementor-section-boxed elementor-section-height-default elementor-section-height-default\" data-id=\"1795908\" data-element_type=\"section\">\n\t\t\t\t\t\t<div class=\"elementor-container elementor-column-gap-default\">\n\t\t\t\t\t\t\t<div class=\"elementor-row\">\n\t\t\t\t\t<div class=\"elementor-column elementor-col-50 elementor-top-column elementor-element elementor-element-6e3596e\" data-id=\"6e3596e\" data-element_type=\"column\">\n\t\t\t<div class=\"elementor-column-wrap elementor-element-populated\">\n\t\t\t\t\t\t\t<div class=\"elementor-widget-wrap\">\n\t\t\t\t\t\t<div class=\"elementor-element elementor-element-3fc02fa elementor-widget elementor-widget-webify-icon-box-widget\" data-id=\"3fc02fa\" data-element_type=\"widget\" data-widget_type=\"webify-icon-box-widget.default\">\n\t\t\t\t<div class=\"elementor-widget-container\">\n\t\t\t        <div class=\"tb-icon-box tb-style4 tb-border text-center\">\n          <div class=\"tb-icon tb-f48-lg\">\n                          <i class=\"tbi-Map2\"><\/i>\n                      <\/div>\n          <div class=\"empty-space marg-lg-b20\"><\/div>\n                      <h3 class=\"tb-iconbox-heading tb-font-name tb-f18-lg  tb-m0\">\u00bfD\u00d3NDE COMPRAR?<\/h3>\n          <div class=\"empty-space marg-lg-b10\"><\/div>\n                                <div class=\"tb-description-text tb-mb3\">Encuentra tu distribuidor m\u00e1s cercano<\/div>\n            <div class=\"empty-space marg-lg-b20 marg-sm-b20\"><\/div>\n                                <a href=\"\/es\/distribuidores\/\" target=\"_self\" class=\"tb-btn tb-style1\">M\u00e1s informaci\u00f3n<\/a>\n                  <\/div>\n        \t\t<\/div>\n\t\t\t\t<\/div>\n\t\t\t\t\t\t<\/div>\n\t\t\t\t\t<\/div>\n\t\t<\/div>\n\t\t\t\t<div class=\"elementor-column elementor-col-50 elementor-top-column elementor-element elementor-element-705eb54\" data-id=\"705eb54\" data-element_type=\"column\">\n\t\t\t<div class=\"elementor-column-wrap elementor-element-populated\">\n\t\t\t\t\t\t\t<div class=\"elementor-widget-wrap\">\n\t\t\t\t\t\t<div class=\"elementor-element elementor-element-f1f2b6e elementor-widget elementor-widget-webify-icon-box-widget\" data-id=\"f1f2b6e\" data-element_type=\"widget\" data-widget_type=\"webify-icon-box-widget.default\">\n\t\t\t\t<div class=\"elementor-widget-container\">\n\t\t\t        <div class=\"tb-icon-box tb-style4 tb-border text-center\">\n          <div class=\"tb-icon tb-f48-lg\">\n                          <i class=\"tbi-Information\"><\/i>\n                      <\/div>\n          <div class=\"empty-space marg-lg-b20\"><\/div>\n                      <h3 class=\"tb-iconbox-heading tb-font-name tb-f18-lg  tb-m0\">INFORMACI\u00d3N DE PRODUCTO ARCHIVADO<\/h3>\n          <div class=\"empty-space marg-lg-b10\"><\/div>\n                                <div class=\"tb-description-text tb-mb3\">Informaci\u00f3n de nuestros productos descatalogados\n\n<\/div>\n            <div class=\"empty-space marg-lg-b20 marg-sm-b20\"><\/div>\n                                <a href=\"\/es\/productos-archivados\/\" target=\"_self\" class=\"tb-btn tb-style1\">M\u00e1s informaci\u00f3n<\/a>\n                  <\/div>\n        \t\t<\/div>\n\t\t\t\t<\/div>\n\t\t\t\t\t\t<\/div>\n\t\t\t\t\t<\/div>\n\t\t<\/div>\n\t\t\t\t\t\t\t\t<\/div>\n\t\t\t\t\t<\/div>\n\t\t<\/section>\n\t\t\t\t<section class=\"elementor-section elementor-top-section elementor-element elementor-element-eb38316 elementor-section-boxed elementor-section-height-default elementor-section-height-default\" data-id=\"eb38316\" data-element_type=\"section\">\n\t\t\t\t\t\t<div class=\"elementor-container elementor-column-gap-default\">\n\t\t\t\t\t\t\t<div class=\"elementor-row\">\n\t\t\t\t\t<div class=\"elementor-column elementor-col-33 elementor-top-column elementor-element elementor-element-dd44b22\" data-id=\"dd44b22\" data-element_type=\"column\">\n\t\t\t<div class=\"elementor-column-wrap elementor-element-populated\">\n\t\t\t\t\t\t\t<div class=\"elementor-widget-wrap\">\n\t\t\t\t\t\t<div class=\"elementor-element elementor-element-e014615 elementor-widget elementor-widget-webify-icon-box-widget\" data-id=\"e014615\" data-element_type=\"widget\" data-widget_type=\"webify-icon-box-widget.default\">\n\t\t\t\t<div class=\"elementor-widget-container\">\n\t\t\t        <div class=\"tb-icon-box tb-style4 tb-border text-center\">\n          <div class=\"tb-icon tb-f48-lg\">\n                          <i class=\"tbi-Book\"><\/i>\n                      <\/div>\n          <div class=\"empty-space marg-lg-b20\"><\/div>\n                      <h3 class=\"tb-iconbox-heading tb-font-name tb-f18-lg  tb-m0\">MANUALES DE USUARIO<\/h3>\n          <div class=\"empty-space marg-lg-b10\"><\/div>\n                                <div class=\"tb-description-text tb-mb3\">Encuentra los manuales actualizados de Amate Audio<\/div>\n            <div class=\"empty-space marg-lg-b20 marg-sm-b20\"><\/div>\n                                <a href=\"\/es\/manual-usuario\/\" target=\"_self\" class=\"tb-btn tb-style1\">M\u00e1s informaci\u00f3n<\/a>\n                  <\/div>\n        \t\t<\/div>\n\t\t\t\t<\/div>\n\t\t\t\t\t\t<\/div>\n\t\t\t\t\t<\/div>\n\t\t<\/div>\n\t\t\t\t<div class=\"elementor-column elementor-col-33 elementor-top-column elementor-element elementor-element-c5c4fb1\" data-id=\"c5c4fb1\" data-element_type=\"column\">\n\t\t\t<div class=\"elementor-column-wrap elementor-element-populated\">\n\t\t\t\t\t\t\t<div class=\"elementor-widget-wrap\">\n\t\t\t\t\t\t<div class=\"elementor-element elementor-element-044dcc6 elementor-widget elementor-widget-webify-icon-box-widget\" data-id=\"044dcc6\" data-element_type=\"widget\" data-widget_type=\"webify-icon-box-widget.default\">\n\t\t\t\t<div class=\"elementor-widget-container\">\n\t\t\t        <div class=\"tb-icon-box tb-style4 tb-border text-center\">\n          <div class=\"tb-icon tb-f48-lg\">\n                          <i class=\"tbi-Information\"><\/i>\n                      <\/div>\n          <div class=\"empty-space marg-lg-b20\"><\/div>\n                      <h3 class=\"tb-iconbox-heading tb-font-name tb-f18-lg  tb-m0\">INFORMACI\u00d3N T\u00c9CNICA<\/h3>\n          <div class=\"empty-space marg-lg-b10\"><\/div>\n                                <div class=\"tb-description-text tb-mb3\">Conoce nuestros sistemas y nuestras configuraciones sugeridas<\/div>\n            <div class=\"empty-space marg-lg-b20 marg-sm-b20\"><\/div>\n                                <a href=\"\/es\/informacion-tecnica\/\" target=\"_self\" class=\"tb-btn tb-style1\">M\u00e1s informaci\u00f3n<\/a>\n                  <\/div>\n        \t\t<\/div>\n\t\t\t\t<\/div>\n\t\t\t\t\t\t<\/div>\n\t\t\t\t\t<\/div>\n\t\t<\/div>\n\t\t\t\t<div class=\"elementor-column elementor-col-33 elementor-top-column elementor-element elementor-element-24fed93\" data-id=\"24fed93\" data-element_type=\"column\">\n\t\t\t<div class=\"elementor-column-wrap elementor-element-populated\">\n\t\t\t\t\t\t\t<div class=\"elementor-widget-wrap\">\n\t\t\t\t\t\t<div class=\"elementor-element elementor-element-656dfb0 elementor-widget elementor-widget-webify-icon-box-widget\" data-id=\"656dfb0\" data-element_type=\"widget\" data-widget_type=\"webify-icon-box-widget.default\">\n\t\t\t\t<div class=\"elementor-widget-container\">\n\t\t\t        <div class=\"tb-icon-box tb-style4 tb-border text-center\">\n          <div class=\"tb-icon tb-f48-lg\">\n                          <i class=\"tbi-QR-Code\"><\/i>\n                      <\/div>\n          <div class=\"empty-space marg-lg-b20\"><\/div>\n                      <h3 class=\"tb-iconbox-heading tb-font-name tb-f18-lg  tb-m0\">AUTENTIFICACI\u00d3N DE PRODUCTO<\/h3>\n          <div class=\"empty-space marg-lg-b10\"><\/div>\n                                <div class=\"tb-description-text tb-mb3\">Conoce m\u00e1s sobre los productos certificados Amate Audio<\/div>\n            <div class=\"empty-space marg-lg-b20 marg-sm-b20\"><\/div>\n                                <a href=\"\/es\/autentificacion-producto\/\" target=\"_self\" class=\"tb-btn tb-style1\">M\u00e1s informaci\u00f3n<\/a>\n                  <\/div>\n        \t\t<\/div>\n\t\t\t\t<\/div>\n\t\t\t\t\t\t<\/div>\n\t\t\t\t\t<\/div>\n\t\t<\/div>\n\t\t\t\t\t\t\t\t<\/div>\n\t\t\t\t\t<\/div>\n\t\t<\/section>\n\t\t\t\t<section class=\"elementor-section elementor-top-section elementor-element elementor-element-01cba20 elementor-section-boxed elementor-section-height-default elementor-section-height-default\" data-id=\"01cba20\" data-element_type=\"section\">\n\t\t\t\t\t\t<div class=\"elementor-container elementor-column-gap-default\">\n\t\t\t\t\t\t\t<div class=\"elementor-row\">\n\t\t\t\t\t<div class=\"elementor-column elementor-col-100 elementor-top-column elementor-element elementor-element-da75419\" data-id=\"da75419\" data-element_type=\"column\">\n\t\t\t<div class=\"elementor-column-wrap elementor-element-populated\">\n\t\t\t\t\t\t\t<div class=\"elementor-widget-wrap\">\n\t\t\t\t\t\t<div class=\"elementor-element elementor-element-35a556a elementor-widget elementor-widget-spacer\" data-id=\"35a556a\" data-element_type=\"widget\" data-widget_type=\"spacer.default\">\n\t\t\t\t<div class=\"elementor-widget-container\">\n\t\t\t\t\t<div class=\"elementor-spacer\">\n\t\t\t<div class=\"elementor-spacer-inner\"><\/div>\n\t\t<\/div>\n\t\t\t\t<\/div>\n\t\t\t\t<\/div>\n\t\t\t\t<div class=\"elementor-element elementor-element-10d66f9 elementor-widget elementor-widget-heading\" data-id=\"10d66f9\" data-element_type=\"widget\" data-widget_type=\"heading.default\">\n\t\t\t\t<div class=\"elementor-widget-container\">\n\t\t\t<h2 class=\"elementor-heading-title elementor-size-default\">____\n<\/h2>\t\t<\/div>\n\t\t\t\t<\/div>\n\t\t\t\t\t\t<\/div>\n\t\t\t\t\t<\/div>\n\t\t<\/div>\n\t\t\t\t\t\t\t\t<\/div>\n\t\t\t\t\t<\/div>\n\t\t<\/section>\n\t\t\t\t<section class=\"elementor-section elementor-top-section elementor-element elementor-element-20bbfce elementor-section-full_width elementor-section-stretched elementor-section-height-default elementor-section-height-default\" data-id=\"20bbfce\" data-element_type=\"section\" data-settings=\"{&quot;stretch_section&quot;:&quot;section-stretched&quot;,&quot;background_background&quot;:&quot;classic&quot;}\">\n\t\t\t\t\t\t<div class=\"elementor-container elementor-column-gap-default\">\n\t\t\t\t\t\t\t<div class=\"elementor-row\">\n\t\t\t\t\t<div class=\"elementor-column elementor-col-100 elementor-top-column elementor-element elementor-element-9e2ccbe\" data-id=\"9e2ccbe\" data-element_type=\"column\">\n\t\t\t<div class=\"elementor-column-wrap elementor-element-populated\">\n\t\t\t\t\t\t\t<div class=\"elementor-widget-wrap\">\n\t\t\t\t\t\t<div class=\"elementor-element elementor-element-526acfb elementor-widget elementor-widget-spacer\" data-id=\"526acfb\" data-element_type=\"widget\" data-widget_type=\"spacer.default\">\n\t\t\t\t<div class=\"elementor-widget-container\">\n\t\t\t\t\t<div class=\"elementor-spacer\">\n\t\t\t<div class=\"elementor-spacer-inner\"><\/div>\n\t\t<\/div>\n\t\t\t\t<\/div>\n\t\t\t\t<\/div>\n\t\t\t\t<div class=\"elementor-element elementor-element-d4066bd elementor-widget elementor-widget-heading\" data-id=\"d4066bd\" data-element_type=\"widget\" data-widget_type=\"heading.default\">\n\t\t\t\t<div class=\"elementor-widget-container\">\n\t\t\t<h2 class=\"elementor-heading-title elementor-size-default\">\u00bfNo encuentras lo que buscas? Cont\u00e1ctanos en cualquier momento<\/h2>\t\t<\/div>\n\t\t\t\t<\/div>\n\t\t\t\t\t\t<\/div>\n\t\t\t\t\t<\/div>\n\t\t<\/div>\n\t\t\t\t\t\t\t\t<\/div>\n\t\t\t\t\t<\/div>\n\t\t<\/section>\n\t\t\t\t<section class=\"elementor-section elementor-top-section elementor-element elementor-element-f3289e6 elementor-section-boxed elementor-section-height-default elementor-section-height-default\" data-id=\"f3289e6\" data-element_type=\"section\">\n\t\t\t\t\t\t<div class=\"elementor-container elementor-column-gap-default\">\n\t\t\t\t\t\t\t<div class=\"elementor-row\">\n\t\t\t\t\t<div class=\"elementor-column elementor-col-50 elementor-top-column elementor-element elementor-element-c05d6d3\" data-id=\"c05d6d3\" data-element_type=\"column\">\n\t\t\t<div class=\"elementor-column-wrap elementor-element-populated\">\n\t\t\t\t\t\t\t<div class=\"elementor-widget-wrap\">\n\t\t\t\t\t\t<div class=\"elementor-element elementor-element-b346f4d elementor-widget elementor-widget-webify-icon-box-widget\" data-id=\"b346f4d\" data-element_type=\"widget\" data-widget_type=\"webify-icon-box-widget.default\">\n\t\t\t\t<div class=\"elementor-widget-container\">\n\t\t\t        <div class=\"tb-icon-box tb-style4 tb-border text-center\">\n          <div class=\"tb-icon tb-f48-lg\">\n                          <i class=\"tbi-Email\"><\/i>\n                      <\/div>\n          <div class=\"empty-space marg-lg-b20\"><\/div>\n                      <h3 class=\"tb-iconbox-heading tb-font-name tb-f18-lg  tb-m0\">Env\u00edanos un mail<\/h3>\n          <div class=\"empty-space marg-lg-b10\"><\/div>\n                                <div class=\"tb-description-text tb-mb3\">Env\u00eda un mail a\n<strong><a href=\"mailto:export@amateaudio.com\">export@amateaudio.com<\/a><\/strong> y te responderemos lo antes posible<\/div>\n            <div class=\"empty-space marg-lg-b20 marg-sm-b20\"><\/div>\n                            <\/div>\n        \t\t<\/div>\n\t\t\t\t<\/div>\n\t\t\t\t\t\t<\/div>\n\t\t\t\t\t<\/div>\n\t\t<\/div>\n\t\t\t\t<div class=\"elementor-column elementor-col-50 elementor-top-column elementor-element elementor-element-617932a\" data-id=\"617932a\" data-element_type=\"column\">\n\t\t\t<div class=\"elementor-column-wrap elementor-element-populated\">\n\t\t\t\t\t\t\t<div class=\"elementor-widget-wrap\">\n\t\t\t\t\t\t<div class=\"elementor-element elementor-element-aa50b4e elementor-widget elementor-widget-webify-icon-box-widget\" data-id=\"aa50b4e\" data-element_type=\"widget\" data-widget_type=\"webify-icon-box-widget.default\">\n\t\t\t\t<div class=\"elementor-widget-container\">\n\t\t\t        <div class=\"tb-icon-box tb-style4 tb-border text-center\">\n          <div class=\"tb-icon tb-f48-lg\">\n                          <i class=\"tbi-Phone\"><\/i>\n                      <\/div>\n          <div class=\"empty-space marg-lg-b20\"><\/div>\n                      <h3 class=\"tb-iconbox-heading tb-font-name tb-f18-lg  tb-m0\">Ll\u00e1manos<\/h3>\n          <div class=\"empty-space marg-lg-b10\"><\/div>\n                                <div class=\"tb-description-text tb-mb3\">Ponte en contacto con nuestros agentes <br> mediante el siguiente n\u00famero de tel\u00e9fono: <strong><a href=\"tel:+34 937 356 565\">+34 937 356 565<\/a><\/strong><\/div>\n            <div class=\"empty-space marg-lg-b20 marg-sm-b20\"><\/div>\n                            <\/div>\n        \t\t<\/div>\n\t\t\t\t<\/div>\n\t\t\t\t\t\t<\/div>\n\t\t\t\t\t<\/div>\n\t\t<\/div>\n\t\t\t\t\t\t\t\t<\/div>\n\t\t\t\t\t<\/div>\n\t\t<\/section>\n\t\t\t\t\t\t\t\t\t<\/div>\n\t\t\t<\/div>\n\t\t\t\t\t<\/div>\n\t\t","protected":false},"excerpt":{"rendered":"<p>Conoce m\u00e1s sobre Amate Audio, visualiza los manuales, obt\u00e9n las descargas m\u00e1s recientes, resuelve tus dudas y m\u00e1s con nuestro soporte. \u00bfD\u00d3NDE COMPRAR? Encuentra tu distribuidor m\u00e1s cercano M\u00e1s informaci\u00f3n INFORMACI\u00d3N DE PRODUCTO ARCHIVADO Informaci\u00f3n de nuestros productos descatalogados M\u00e1s informaci\u00f3n MANUALES DE USUARIO Encuentra los manuales actualizados de Amate Audio M\u00e1s informaci\u00f3n INFORMACI\u00d3N T\u00c9CNICA [&hellip;]<\/p>\n","protected":false},"author":1,"featured_media":0,"parent":0,"menu_order":0,"comment_status":"closed","ping_status":"closed","template":"","meta":{"footnotes":""},"class_list":["post-12044","page","type-page","status-publish","hentry"],"yoast_head":"<!-- This site is optimized with the Yoast SEO plugin v26.9 - https:\/\/yoast.com\/product\/yoast-seo-wordpress\/ -->\n<title>Soporte - Amate Audio<\/title>\n<meta name=\"description\" content=\"Obtenga m\u00e1s informaci\u00f3n sobre nuestros productos y encuentre recursos que lo ayudar\u00e1n con todos sus productos de Amate Audio.\" \/>\n<meta name=\"robots\" content=\"index, follow, max-snippet:-1, max-image-preview:large, max-video-preview:-1\" \/>\n<link rel=\"canonical\" href=\"https:\/\/amateaudio.com\/es\/soporte\/\" \/>\n<meta property=\"og:locale\" content=\"es_ES\" \/>\n<meta property=\"og:type\" content=\"article\" \/>\n<meta property=\"og:title\" content=\"Soporte - Amate Audio\" \/>\n<meta property=\"og:description\" content=\"Obtenga m\u00e1s informaci\u00f3n sobre nuestros productos y encuentre recursos que lo ayudar\u00e1n con todos sus productos de Amate Audio.\" \/>\n<meta property=\"og:url\" content=\"https:\/\/amateaudio.com\/es\/soporte\/\" \/>\n<meta property=\"og:site_name\" content=\"Amate Audio\" \/>\n<meta property=\"article:publisher\" content=\"https:\/\/www.facebook.com\/amateaudio\" \/>\n<meta property=\"article:modified_time\" content=\"2022-01-17T08:41:01+00:00\" \/>\n<meta name=\"twitter:card\" content=\"summary_large_image\" \/>\n<meta name=\"twitter:label1\" content=\"Tiempo de lectura\" \/>\n\t<meta name=\"twitter:data1\" content=\"1 minuto\" \/>\n<script type=\"application\/ld+json\" class=\"yoast-schema-graph\">{\"@context\":\"https:\/\/schema.org\",\"@graph\":[{\"@type\":\"WebPage\",\"@id\":\"https:\/\/amateaudio.com\/es\/soporte\/\",\"url\":\"https:\/\/amateaudio.com\/es\/soporte\/\",\"name\":\"Soporte - Amate Audio\",\"isPartOf\":{\"@id\":\"https:\/\/amateaudio.com\/es\/#website\"},\"datePublished\":\"2020-11-27T09:52:34+00:00\",\"dateModified\":\"2022-01-17T08:41:01+00:00\",\"description\":\"Obtenga m\u00e1s informaci\u00f3n sobre nuestros productos y encuentre recursos que lo ayudar\u00e1n con todos sus productos de Amate Audio.\",\"breadcrumb\":{\"@id\":\"https:\/\/amateaudio.com\/es\/soporte\/#breadcrumb\"},\"inLanguage\":\"es\",\"potentialAction\":[{\"@type\":\"ReadAction\",\"target\":[\"https:\/\/amateaudio.com\/es\/soporte\/\"]}]},{\"@type\":\"BreadcrumbList\",\"@id\":\"https:\/\/amateaudio.com\/es\/soporte\/#breadcrumb\",\"itemListElement\":[{\"@type\":\"ListItem\",\"position\":1,\"name\":\"Home\",\"item\":\"https:\/\/amateaudio.com\/es\/\"},{\"@type\":\"ListItem\",\"position\":2,\"name\":\"Soporte\"}]},{\"@type\":\"WebSite\",\"@id\":\"https:\/\/amateaudio.com\/es\/#website\",\"url\":\"https:\/\/amateaudio.com\/es\/\",\"name\":\"Amate Audio\",\"description\":\"Amate Audio from Barcelona\",\"publisher\":{\"@id\":\"https:\/\/amateaudio.com\/es\/#organization\"},\"potentialAction\":[{\"@type\":\"SearchAction\",\"target\":{\"@type\":\"EntryPoint\",\"urlTemplate\":\"https:\/\/amateaudio.com\/es\/?s={search_term_string}\"},\"query-input\":{\"@type\":\"PropertyValueSpecification\",\"valueRequired\":true,\"valueName\":\"search_term_string\"}}],\"inLanguage\":\"es\"},{\"@type\":\"Organization\",\"@id\":\"https:\/\/amateaudio.com\/es\/#organization\",\"name\":\"Amate Audio\",\"url\":\"https:\/\/amateaudio.com\/es\/\",\"logo\":{\"@type\":\"ImageObject\",\"inLanguage\":\"es\",\"@id\":\"https:\/\/amateaudio.com\/es\/#\/schema\/logo\/image\/\",\"url\":\"https:\/\/amateaudio.com\/wp-content\/uploads\/2021\/05\/Recurso-8-1.png\",\"contentUrl\":\"https:\/\/amateaudio.com\/wp-content\/uploads\/2021\/05\/Recurso-8-1.png\",\"width\":120,\"height\":120,\"caption\":\"Amate Audio\"},\"image\":{\"@id\":\"https:\/\/amateaudio.com\/es\/#\/schema\/logo\/image\/\"},\"sameAs\":[\"https:\/\/www.facebook.com\/amateaudio\",\"https:\/\/www.instagram.com\/amateaudio\/\",\"https:\/\/www.linkedin.com\/company\/amate-audio\",\"https:\/\/vimeo.com\/amateaudio\"]}]}<\/script>\n<!-- \/ Yoast SEO plugin. -->","yoast_head_json":{"title":"Soporte - Amate Audio","description":"Obtenga m\u00e1s informaci\u00f3n sobre nuestros productos y encuentre recursos que lo ayudar\u00e1n con todos sus productos de Amate Audio.","robots":{"index":"index","follow":"follow","max-snippet":"max-snippet:-1","max-image-preview":"max-image-preview:large","max-video-preview":"max-video-preview:-1"},"canonical":"https:\/\/amateaudio.com\/es\/soporte\/","og_locale":"es_ES","og_type":"article","og_title":"Soporte - Amate Audio","og_description":"Obtenga m\u00e1s informaci\u00f3n sobre nuestros productos y encuentre recursos que lo ayudar\u00e1n con todos sus productos de Amate Audio.","og_url":"https:\/\/amateaudio.com\/es\/soporte\/","og_site_name":"Amate Audio","article_publisher":"https:\/\/www.facebook.com\/amateaudio","article_modified_time":"2022-01-17T08:41:01+00:00","twitter_card":"summary_large_image","twitter_misc":{"Tiempo de lectura":"1 minuto"},"schema":{"@context":"https:\/\/schema.org","@graph":[{"@type":"WebPage","@id":"https:\/\/amateaudio.com\/es\/soporte\/","url":"https:\/\/amateaudio.com\/es\/soporte\/","name":"Soporte - Amate Audio","isPartOf":{"@id":"https:\/\/amateaudio.com\/es\/#website"},"datePublished":"2020-11-27T09:52:34+00:00","dateModified":"2022-01-17T08:41:01+00:00","description":"Obtenga m\u00e1s informaci\u00f3n sobre nuestros productos y encuentre recursos que lo ayudar\u00e1n con todos sus productos de Amate Audio.","breadcrumb":{"@id":"https:\/\/amateaudio.com\/es\/soporte\/#breadcrumb"},"inLanguage":"es","potentialAction":[{"@type":"ReadAction","target":["https:\/\/amateaudio.com\/es\/soporte\/"]}]},{"@type":"BreadcrumbList","@id":"https:\/\/amateaudio.com\/es\/soporte\/#breadcrumb","itemListElement":[{"@type":"ListItem","position":1,"name":"Home","item":"https:\/\/amateaudio.com\/es\/"},{"@type":"ListItem","position":2,"name":"Soporte"}]},{"@type":"WebSite","@id":"https:\/\/amateaudio.com\/es\/#website","url":"https:\/\/amateaudio.com\/es\/","name":"Amate Audio","description":"Amate Audio from Barcelona","publisher":{"@id":"https:\/\/amateaudio.com\/es\/#organization"},"potentialAction":[{"@type":"SearchAction","target":{"@type":"EntryPoint","urlTemplate":"https:\/\/amateaudio.com\/es\/?s={search_term_string}"},"query-input":{"@type":"PropertyValueSpecification","valueRequired":true,"valueName":"search_term_string"}}],"inLanguage":"es"},{"@type":"Organization","@id":"https:\/\/amateaudio.com\/es\/#organization","name":"Amate Audio","url":"https:\/\/amateaudio.com\/es\/","logo":{"@type":"ImageObject","inLanguage":"es","@id":"https:\/\/amateaudio.com\/es\/#\/schema\/logo\/image\/","url":"https:\/\/amateaudio.com\/wp-content\/uploads\/2021\/05\/Recurso-8-1.png","contentUrl":"https:\/\/amateaudio.com\/wp-content\/uploads\/2021\/05\/Recurso-8-1.png","width":120,"height":120,"caption":"Amate Audio"},"image":{"@id":"https:\/\/amateaudio.com\/es\/#\/schema\/logo\/image\/"},"sameAs":["https:\/\/www.facebook.com\/amateaudio","https:\/\/www.instagram.com\/amateaudio\/","https:\/\/www.linkedin.com\/company\/amate-audio","https:\/\/vimeo.com\/amateaudio"]}]}},"_links":{"self":[{"href":"https:\/\/amateaudio.com\/es\/wp-json\/wp\/v2\/pages\/12044","targetHints":{"allow":["GET"]}}],"collection":[{"href":"https:\/\/amateaudio.com\/es\/wp-json\/wp\/v2\/pages"}],"about":[{"href":"https:\/\/amateaudio.com\/es\/wp-json\/wp\/v2\/types\/page"}],"author":[{"embeddable":true,"href":"https:\/\/amateaudio.com\/es\/wp-json\/wp\/v2\/users\/1"}],"replies":[{"embeddable":true,"href":"https:\/\/amateaudio.com\/es\/wp-json\/wp\/v2\/comments?post=12044"}],"version-history":[{"count":48,"href":"https:\/\/amateaudio.com\/es\/wp-json\/wp\/v2\/pages\/12044\/revisions"}],"predecessor-version":[{"id":17378,"href":"https:\/\/amateaudio.com\/es\/wp-json\/wp\/v2\/pages\/12044\/revisions\/17378"}],"wp:attachment":[{"href":"https:\/\/amateaudio.com\/es\/wp-json\/wp\/v2\/media?parent=12044"}],"curies":[{"name":"wp","href":"https:\/\/api.w.org\/{rel}","templated":true}]}}