{"id":10348,"date":"2021-02-09T12:25:09","date_gmt":"2021-02-09T11:25:09","guid":{"rendered":"https:\/\/amateaudio.com\/?page_id=10348"},"modified":"2025-01-10T11:29:08","modified_gmt":"2025-01-10T10:29:08","slug":"ease-focus-3","status":"publish","type":"page","link":"https:\/\/amateaudio.com\/es\/software\/ease-focus3\/","title":{"rendered":"EASE FOCUS 3"},"content":{"rendered":"\t\t<div data-elementor-type=\"wp-page\" data-elementor-id=\"10348\" class=\"elementor elementor-10348 elementor-4253\" data-elementor-post-type=\"page\">\n\t\t\t\t\t\t<div class=\"elementor-inner\">\n\t\t\t\t<div class=\"elementor-section-wrap\">\n\t\t\t\t\t\t\t\t\t<section class=\"elementor-section elementor-top-section elementor-element elementor-element-ed49346 elementor-section-height-min-height elementor-section-stretched elementor-section-content-middle elementor-section-boxed elementor-section-height-default elementor-section-items-middle\" data-id=\"ed49346\" data-element_type=\"section\" data-settings=\"{&quot;stretch_section&quot;:&quot;section-stretched&quot;,&quot;background_background&quot;:&quot;classic&quot;}\">\n\t\t\t\t\t\t\t<div class=\"elementor-background-overlay\"><\/div>\n\t\t\t\t\t\t\t<div class=\"elementor-container elementor-column-gap-default\">\n\t\t\t\t\t\t\t<div class=\"elementor-row\">\n\t\t\t\t\t<div class=\"elementor-column elementor-col-100 elementor-top-column elementor-element elementor-element-52c1374\" data-id=\"52c1374\" data-element_type=\"column\" data-settings=\"{&quot;background_background&quot;:&quot;classic&quot;}\">\n\t\t\t<div class=\"elementor-column-wrap elementor-element-populated\">\n\t\t\t\t\t\t\t<div class=\"elementor-widget-wrap\">\n\t\t\t\t\t\t<div class=\"elementor-element elementor-element-3d74df0 elementor-widget elementor-widget-heading\" data-id=\"3d74df0\" data-element_type=\"widget\" data-widget_type=\"heading.default\">\n\t\t\t\t<div class=\"elementor-widget-container\">\n\t\t\t<h2 class=\"elementor-heading-title elementor-size-default\">EASE FOCUS 3<\/h2>\t\t<\/div>\n\t\t\t\t<\/div>\n\t\t\t\t\t\t<\/div>\n\t\t\t\t\t<\/div>\n\t\t<\/div>\n\t\t\t\t\t\t\t\t<\/div>\n\t\t\t\t\t<\/div>\n\t\t<\/section>\n\t\t\t\t<section class=\"elementor-section elementor-top-section elementor-element elementor-element-47ab83a elementor-section-boxed elementor-section-height-default elementor-section-height-default\" data-id=\"47ab83a\" data-element_type=\"section\">\n\t\t\t\t\t\t<div class=\"elementor-container elementor-column-gap-default\">\n\t\t\t\t\t\t\t<div class=\"elementor-row\">\n\t\t\t\t\t<div class=\"elementor-column elementor-col-50 elementor-top-column elementor-element elementor-element-0d2de7b\" data-id=\"0d2de7b\" data-element_type=\"column\">\n\t\t\t<div class=\"elementor-column-wrap elementor-element-populated\">\n\t\t\t\t\t\t\t<div class=\"elementor-widget-wrap\">\n\t\t\t\t\t\t<div class=\"elementor-element elementor-element-39ce563 elementor-widget elementor-widget-text-editor\" data-id=\"39ce563\" data-element_type=\"widget\" data-widget_type=\"text-editor.default\">\n\t\t\t\t<div class=\"elementor-widget-container\">\n\t\t\t\t\t\t\t\t<div class=\"elementor-text-editor elementor-clearfix\">\n\t\t\t\t<p><b>Predicci\u00f3n ac\u00fastica optimizada de soluciones line array, subwoofers y sistemas de fuente puntual Xcellence<\/b><\/p><p><strong>EASE Focus 3\u00a0<\/strong>es un programa de simulaci\u00f3n ac\u00fastica en 3D para modelado de sistemas line array, subgraves array, columnas controladas digitalmente y altavoces convencionales.\u00a0<strong>EASE\u00ae Focus 3<\/strong>\u00a0es un software gratuito para el usuario final. Basado en el software l\u00edder en simulaci\u00f3n\u00a0<strong>EASE<\/strong>\u00a0de\u00a0<strong>AFMG<\/strong>, este concepto hace posible la aplicaci\u00f3n de un amplio abanico de caracter\u00edsticas y funcionalidad.<\/p><p><strong>Amate Audio<\/strong>\u00a0ofrece librer\u00edas y total compatibilidad de las soluciones\u00a0<a href=\"https:\/\/amateaudio.com\/es\/xcellence\/\">Xcellence<\/a>\u00a0con la \u00faltima versi\u00f3n del conocido software de simulaci\u00f3n<strong>\u00a0EASE\u00ae Focus<\/strong>\u00a0desarrollado por\u00a0<strong>AFMG<\/strong>.<\/p>\t\t\t\t\t<\/div>\n\t\t\t\t\t\t<\/div>\n\t\t\t\t<\/div>\n\t\t\t\t\t\t<\/div>\n\t\t\t\t\t<\/div>\n\t\t<\/div>\n\t\t\t\t<div class=\"elementor-column elementor-col-50 elementor-top-column elementor-element elementor-element-c476fb1\" data-id=\"c476fb1\" data-element_type=\"column\">\n\t\t\t<div class=\"elementor-column-wrap elementor-element-populated\">\n\t\t\t\t\t\t\t<div class=\"elementor-widget-wrap\">\n\t\t\t\t\t\t<div class=\"elementor-element elementor-element-6e12c8e elementor-widget elementor-widget-text-editor\" data-id=\"6e12c8e\" data-element_type=\"widget\" data-widget_type=\"text-editor.default\">\n\t\t\t\t<div class=\"elementor-widget-container\">\n\t\t\t\t\t\t\t\t<div class=\"elementor-text-editor elementor-clearfix\">\n\t\t\t\t<p><strong>Predicci\u00f3n ac\u00fastica para las mejores instalaciones<\/strong><\/p><p>Las librer\u00edas para\u00a0<strong>EASE\u00ae Focus 3<\/strong>\u00a0permiten pronosticar el rendimiento ac\u00fastico y adquirir datos mec\u00e1nicos de colgado de un sistema espec\u00edfico\u00a0<a href=\"https:\/\/amateaudio.com\/es\/xcellence\/\">Xcellence<\/a>, previo a su instalaci\u00f3n.<br \/>El potente software calcula mapas de cobertura y respuestas en frecuencia en el plano horizontal y vertical, permite simular tanto line arrays, como sistemas de fuente puntual y subwoofers y definir areas de audiencia, secciones y posiciones de las zonas receptoras de sonido totalmente flexibles.<\/p><p><strong>Caracter\u00edstiques destacadas<\/strong><\/p><p>Gracias al nuevo algoritmo de c\u00e1lculo \u201cComplex Sum\u201d se muestran las posibles cancelaciones entre fuentes sonoras, especialmente entre subwoofers.<\/p>\t\t\t\t\t<\/div>\n\t\t\t\t\t\t<\/div>\n\t\t\t\t<\/div>\n\t\t\t\t\t\t<\/div>\n\t\t\t\t\t<\/div>\n\t\t<\/div>\n\t\t\t\t\t\t\t\t<\/div>\n\t\t\t\t\t<\/div>\n\t\t<\/section>\n\t\t\t\t<section class=\"elementor-section elementor-top-section elementor-element elementor-element-1abbc81 elementor-section-stretched elementor-section-boxed elementor-section-height-default elementor-section-height-default\" data-id=\"1abbc81\" data-element_type=\"section\" data-settings=\"{&quot;background_background&quot;:&quot;classic&quot;,&quot;stretch_section&quot;:&quot;section-stretched&quot;}\">\n\t\t\t\t\t\t<div class=\"elementor-container elementor-column-gap-default\">\n\t\t\t\t\t\t\t<div class=\"elementor-row\">\n\t\t\t\t\t<div class=\"elementor-column elementor-col-100 elementor-top-column elementor-element elementor-element-7073ba9\" data-id=\"7073ba9\" data-element_type=\"column\">\n\t\t\t<div class=\"elementor-column-wrap elementor-element-populated\">\n\t\t\t\t\t\t\t<div class=\"elementor-widget-wrap\">\n\t\t\t\t\t\t<div class=\"elementor-element elementor-element-44eb4dc elementor-widget elementor-widget-heading\" data-id=\"44eb4dc\" data-element_type=\"widget\" data-widget_type=\"heading.default\">\n\t\t\t\t<div class=\"elementor-widget-container\">\n\t\t\t<h1 class=\"elementor-heading-title elementor-size-default\">Centro de descarga<\/h1>\t\t<\/div>\n\t\t\t\t<\/div>\n\t\t\t\t<div class=\"elementor-element elementor-element-14e39ec elementor-widget elementor-widget-image\" data-id=\"14e39ec\" data-element_type=\"widget\" data-widget_type=\"image.default\">\n\t\t\t\t<div class=\"elementor-widget-container\">\n\t\t\t\t\t\t\t\t<div class=\"elementor-image\">\n\t\t\t\t\t\t\t\t\t\t\t\t<img decoding=\"async\" width=\"1024\" height=\"768\" data-src=\"https:\/\/amateaudio.com\/wp-content\/uploads\/2021\/01\/EaseFocus_AmateAudio_Software-1024x768.png\" class=\"attachment-large size-large wp-image-2452 lazyload\" alt=\"\" data-srcset=\"https:\/\/amateaudio.com\/wp-content\/uploads\/2021\/01\/EaseFocus_AmateAudio_Software-1024x768.png 1024w, https:\/\/amateaudio.com\/wp-content\/uploads\/2021\/01\/EaseFocus_AmateAudio_Software-300x225.png 300w, https:\/\/amateaudio.com\/wp-content\/uploads\/2021\/01\/EaseFocus_AmateAudio_Software-768x576.png 768w, https:\/\/amateaudio.com\/wp-content\/uploads\/2021\/01\/EaseFocus_AmateAudio_Software-1536x1152.png 1536w, https:\/\/amateaudio.com\/wp-content\/uploads\/2021\/01\/EaseFocus_AmateAudio_Software-2048x1536.png 2048w, https:\/\/amateaudio.com\/wp-content\/uploads\/2021\/01\/EaseFocus_AmateAudio_Software.png 1920w\" data-sizes=\"(max-width: 1024px) 100vw, 1024px\" src=\"data:image\/svg+xml;base64,PHN2ZyB3aWR0aD0iMSIgaGVpZ2h0PSIxIiB4bWxucz0iaHR0cDovL3d3dy53My5vcmcvMjAwMC9zdmciPjwvc3ZnPg==\" style=\"--smush-placeholder-width: 1024px; --smush-placeholder-aspect-ratio: 1024\/768;\" \/>\t\t\t\t\t\t\t\t\t\t\t\t\t\t<\/div>\n\t\t\t\t\t\t<\/div>\n\t\t\t\t<\/div>\n\t\t\t\t<section class=\"elementor-section elementor-inner-section elementor-element elementor-element-3055595 elementor-section-boxed elementor-section-height-default elementor-section-height-default\" data-id=\"3055595\" data-element_type=\"section\">\n\t\t\t\t\t\t<div class=\"elementor-container elementor-column-gap-default\">\n\t\t\t\t\t\t\t<div class=\"elementor-row\">\n\t\t\t\t\t<div class=\"elementor-column elementor-col-100 elementor-inner-column elementor-element elementor-element-f8aa4ff\" data-id=\"f8aa4ff\" data-element_type=\"column\">\n\t\t\t<div class=\"elementor-column-wrap elementor-element-populated\">\n\t\t\t\t\t\t\t<div class=\"elementor-widget-wrap\">\n\t\t\t\t\t\t<div class=\"elementor-element elementor-element-abf6f97 elementor-align-center elementor-widget elementor-widget-button\" data-id=\"abf6f97\" data-element_type=\"widget\" data-widget_type=\"button.default\">\n\t\t\t\t<div class=\"elementor-widget-container\">\n\t\t\t\t\t<div class=\"elementor-button-wrapper\">\n\t\t\t<a class=\"elementor-button elementor-button-link elementor-size-sm\" href=\"\/wp-content\/uploads\/dc\/software\/EASEFocus%203.1.260.zip\" target=\"_blank\">\n\t\t\t\t\t\t<span class=\"elementor-button-content-wrapper\">\n\t\t\t\t\t\t<span class=\"elementor-button-text\">EASEFocus 3.1.260 + Amate Audio pack<\/span>\n\t\t<\/span>\n\t\t\t\t\t<\/a>\n\t\t<\/div>\n\t\t\t\t<\/div>\n\t\t\t\t<\/div>\n\t\t\t\t\t\t<\/div>\n\t\t\t\t\t<\/div>\n\t\t<\/div>\n\t\t\t\t\t\t\t\t<\/div>\n\t\t\t\t\t<\/div>\n\t\t<\/section>\n\t\t\t\t\t\t<\/div>\n\t\t\t\t\t<\/div>\n\t\t<\/div>\n\t\t\t\t\t\t\t\t<\/div>\n\t\t\t\t\t<\/div>\n\t\t<\/section>\n\t\t\t\t\t\t\t\t\t<\/div>\n\t\t\t<\/div>\n\t\t\t\t\t<\/div>\n\t\t","protected":false},"excerpt":{"rendered":"<p>EASE FOCUS 3 Predicci\u00f3n ac\u00fastica optimizada de soluciones line array, subwoofers y sistemas de fuente puntual Xcellence EASE Focus 3\u00a0es un programa de simulaci\u00f3n ac\u00fastica en 3D para modelado de sistemas line array, subgraves array, columnas controladas digitalmente y altavoces convencionales.\u00a0EASE\u00ae Focus 3\u00a0es un software gratuito para el usuario final. Basado en el software l\u00edder [&hellip;]<\/p>\n","protected":false},"author":1,"featured_media":0,"parent":0,"menu_order":0,"comment_status":"closed","ping_status":"closed","template":"","meta":{"footnotes":""},"class_list":["post-10348","page","type-page","status-publish","hentry"],"yoast_head":"<!-- This site is optimized with the Yoast SEO plugin v26.9 - https:\/\/yoast.com\/product\/yoast-seo-wordpress\/ -->\n<title>EASE Focus 3 - Software - Amate Audio<\/title>\n<meta name=\"description\" content=\"EASE Focus 3 es un programa de simulaci\u00f3n ac\u00fastica en 3D para modelado de sistemas line array, subgraves array... Controladas digitalmente.\" \/>\n<meta name=\"robots\" content=\"index, follow, max-snippet:-1, max-image-preview:large, max-video-preview:-1\" \/>\n<link rel=\"canonical\" href=\"https:\/\/amateaudio.com\/es\/software\/ease-focus3\/\" \/>\n<meta property=\"og:locale\" content=\"es_ES\" \/>\n<meta property=\"og:type\" content=\"article\" \/>\n<meta property=\"og:title\" content=\"EASE Focus 3 - Software - Amate Audio\" \/>\n<meta property=\"og:description\" content=\"EASE Focus 3 es un programa de simulaci\u00f3n ac\u00fastica en 3D para modelado de sistemas line array, subgraves array... Controladas digitalmente.\" \/>\n<meta property=\"og:url\" content=\"https:\/\/amateaudio.com\/es\/software\/ease-focus3\/\" \/>\n<meta property=\"og:site_name\" content=\"Amate Audio\" \/>\n<meta property=\"article:publisher\" content=\"https:\/\/www.facebook.com\/amateaudio\" \/>\n<meta property=\"article:modified_time\" content=\"2025-01-10T10:29:08+00:00\" \/>\n<meta property=\"og:image\" content=\"https:\/\/amateaudio.com\/wp-content\/uploads\/2021\/01\/EaseFocus_AmateAudio_Software-1024x768.png\" \/>\n<meta name=\"twitter:card\" content=\"summary_large_image\" \/>\n<meta name=\"twitter:label1\" content=\"Tiempo de lectura\" \/>\n\t<meta name=\"twitter:data1\" content=\"2 minutos\" \/>\n<script type=\"application\/ld+json\" class=\"yoast-schema-graph\">{\"@context\":\"https:\/\/schema.org\",\"@graph\":[{\"@type\":\"WebPage\",\"@id\":\"https:\/\/amateaudio.com\/es\/software\/ease-focus3\/\",\"url\":\"https:\/\/amateaudio.com\/es\/software\/ease-focus3\/\",\"name\":\"EASE Focus 3 - Software - Amate Audio\",\"isPartOf\":{\"@id\":\"https:\/\/amateaudio.com\/es\/#website\"},\"primaryImageOfPage\":{\"@id\":\"https:\/\/amateaudio.com\/es\/software\/ease-focus3\/#primaryimage\"},\"image\":{\"@id\":\"https:\/\/amateaudio.com\/es\/software\/ease-focus3\/#primaryimage\"},\"thumbnailUrl\":\"https:\/\/amateaudio.com\/wp-content\/uploads\/2021\/01\/EaseFocus_AmateAudio_Software-1024x768.png\",\"datePublished\":\"2021-02-09T11:25:09+00:00\",\"dateModified\":\"2025-01-10T10:29:08+00:00\",\"description\":\"EASE Focus 3 es un programa de simulaci\u00f3n ac\u00fastica en 3D para modelado de sistemas line array, subgraves array... Controladas digitalmente.\",\"breadcrumb\":{\"@id\":\"https:\/\/amateaudio.com\/es\/software\/ease-focus3\/#breadcrumb\"},\"inLanguage\":\"es\",\"potentialAction\":[{\"@type\":\"ReadAction\",\"target\":[\"https:\/\/amateaudio.com\/es\/software\/ease-focus3\/\"]}]},{\"@type\":\"ImageObject\",\"inLanguage\":\"es\",\"@id\":\"https:\/\/amateaudio.com\/es\/software\/ease-focus3\/#primaryimage\",\"url\":\"https:\/\/amateaudio.com\/wp-content\/uploads\/2021\/01\/EaseFocus_AmateAudio_Software-1024x768.png\",\"contentUrl\":\"https:\/\/amateaudio.com\/wp-content\/uploads\/2021\/01\/EaseFocus_AmateAudio_Software-1024x768.png\"},{\"@type\":\"BreadcrumbList\",\"@id\":\"https:\/\/amateaudio.com\/es\/software\/ease-focus3\/#breadcrumb\",\"itemListElement\":[{\"@type\":\"ListItem\",\"position\":1,\"name\":\"Home\",\"item\":\"https:\/\/amateaudio.com\/es\/\"},{\"@type\":\"ListItem\",\"position\":2,\"name\":\"Software\",\"item\":\"https:\/\/amateaudio.com\/es\/software\/\"},{\"@type\":\"ListItem\",\"position\":3,\"name\":\"EASE FOCUS 3\"}]},{\"@type\":\"WebSite\",\"@id\":\"https:\/\/amateaudio.com\/es\/#website\",\"url\":\"https:\/\/amateaudio.com\/es\/\",\"name\":\"Amate Audio\",\"description\":\"Amate Audio from Barcelona\",\"publisher\":{\"@id\":\"https:\/\/amateaudio.com\/es\/#organization\"},\"potentialAction\":[{\"@type\":\"SearchAction\",\"target\":{\"@type\":\"EntryPoint\",\"urlTemplate\":\"https:\/\/amateaudio.com\/es\/?s={search_term_string}\"},\"query-input\":{\"@type\":\"PropertyValueSpecification\",\"valueRequired\":true,\"valueName\":\"search_term_string\"}}],\"inLanguage\":\"es\"},{\"@type\":\"Organization\",\"@id\":\"https:\/\/amateaudio.com\/es\/#organization\",\"name\":\"Amate Audio\",\"url\":\"https:\/\/amateaudio.com\/es\/\",\"logo\":{\"@type\":\"ImageObject\",\"inLanguage\":\"es\",\"@id\":\"https:\/\/amateaudio.com\/es\/#\/schema\/logo\/image\/\",\"url\":\"https:\/\/amateaudio.com\/wp-content\/uploads\/2021\/05\/Recurso-8-1.png\",\"contentUrl\":\"https:\/\/amateaudio.com\/wp-content\/uploads\/2021\/05\/Recurso-8-1.png\",\"width\":120,\"height\":120,\"caption\":\"Amate Audio\"},\"image\":{\"@id\":\"https:\/\/amateaudio.com\/es\/#\/schema\/logo\/image\/\"},\"sameAs\":[\"https:\/\/www.facebook.com\/amateaudio\",\"https:\/\/www.instagram.com\/amateaudio\/\",\"https:\/\/www.linkedin.com\/company\/amate-audio\",\"https:\/\/vimeo.com\/amateaudio\"]}]}<\/script>\n<!-- \/ Yoast SEO plugin. -->","yoast_head_json":{"title":"EASE Focus 3 - Software - Amate Audio","description":"EASE Focus 3 es un programa de simulaci\u00f3n ac\u00fastica en 3D para modelado de sistemas line array, subgraves array... Controladas digitalmente.","robots":{"index":"index","follow":"follow","max-snippet":"max-snippet:-1","max-image-preview":"max-image-preview:large","max-video-preview":"max-video-preview:-1"},"canonical":"https:\/\/amateaudio.com\/es\/software\/ease-focus3\/","og_locale":"es_ES","og_type":"article","og_title":"EASE Focus 3 - Software - Amate Audio","og_description":"EASE Focus 3 es un programa de simulaci\u00f3n ac\u00fastica en 3D para modelado de sistemas line array, subgraves array... Controladas digitalmente.","og_url":"https:\/\/amateaudio.com\/es\/software\/ease-focus3\/","og_site_name":"Amate Audio","article_publisher":"https:\/\/www.facebook.com\/amateaudio","article_modified_time":"2025-01-10T10:29:08+00:00","og_image":[{"url":"https:\/\/amateaudio.com\/wp-content\/uploads\/2021\/01\/EaseFocus_AmateAudio_Software-1024x768.png","type":"","width":"","height":""}],"twitter_card":"summary_large_image","twitter_misc":{"Tiempo de lectura":"2 minutos"},"schema":{"@context":"https:\/\/schema.org","@graph":[{"@type":"WebPage","@id":"https:\/\/amateaudio.com\/es\/software\/ease-focus3\/","url":"https:\/\/amateaudio.com\/es\/software\/ease-focus3\/","name":"EASE Focus 3 - Software - Amate Audio","isPartOf":{"@id":"https:\/\/amateaudio.com\/es\/#website"},"primaryImageOfPage":{"@id":"https:\/\/amateaudio.com\/es\/software\/ease-focus3\/#primaryimage"},"image":{"@id":"https:\/\/amateaudio.com\/es\/software\/ease-focus3\/#primaryimage"},"thumbnailUrl":"https:\/\/amateaudio.com\/wp-content\/uploads\/2021\/01\/EaseFocus_AmateAudio_Software-1024x768.png","datePublished":"2021-02-09T11:25:09+00:00","dateModified":"2025-01-10T10:29:08+00:00","description":"EASE Focus 3 es un programa de simulaci\u00f3n ac\u00fastica en 3D para modelado de sistemas line array, subgraves array... Controladas digitalmente.","breadcrumb":{"@id":"https:\/\/amateaudio.com\/es\/software\/ease-focus3\/#breadcrumb"},"inLanguage":"es","potentialAction":[{"@type":"ReadAction","target":["https:\/\/amateaudio.com\/es\/software\/ease-focus3\/"]}]},{"@type":"ImageObject","inLanguage":"es","@id":"https:\/\/amateaudio.com\/es\/software\/ease-focus3\/#primaryimage","url":"https:\/\/amateaudio.com\/wp-content\/uploads\/2021\/01\/EaseFocus_AmateAudio_Software-1024x768.png","contentUrl":"https:\/\/amateaudio.com\/wp-content\/uploads\/2021\/01\/EaseFocus_AmateAudio_Software-1024x768.png"},{"@type":"BreadcrumbList","@id":"https:\/\/amateaudio.com\/es\/software\/ease-focus3\/#breadcrumb","itemListElement":[{"@type":"ListItem","position":1,"name":"Home","item":"https:\/\/amateaudio.com\/es\/"},{"@type":"ListItem","position":2,"name":"Software","item":"https:\/\/amateaudio.com\/es\/software\/"},{"@type":"ListItem","position":3,"name":"EASE FOCUS 3"}]},{"@type":"WebSite","@id":"https:\/\/amateaudio.com\/es\/#website","url":"https:\/\/amateaudio.com\/es\/","name":"Amate Audio","description":"Amate Audio from Barcelona","publisher":{"@id":"https:\/\/amateaudio.com\/es\/#organization"},"potentialAction":[{"@type":"SearchAction","target":{"@type":"EntryPoint","urlTemplate":"https:\/\/amateaudio.com\/es\/?s={search_term_string}"},"query-input":{"@type":"PropertyValueSpecification","valueRequired":true,"valueName":"search_term_string"}}],"inLanguage":"es"},{"@type":"Organization","@id":"https:\/\/amateaudio.com\/es\/#organization","name":"Amate Audio","url":"https:\/\/amateaudio.com\/es\/","logo":{"@type":"ImageObject","inLanguage":"es","@id":"https:\/\/amateaudio.com\/es\/#\/schema\/logo\/image\/","url":"https:\/\/amateaudio.com\/wp-content\/uploads\/2021\/05\/Recurso-8-1.png","contentUrl":"https:\/\/amateaudio.com\/wp-content\/uploads\/2021\/05\/Recurso-8-1.png","width":120,"height":120,"caption":"Amate Audio"},"image":{"@id":"https:\/\/amateaudio.com\/es\/#\/schema\/logo\/image\/"},"sameAs":["https:\/\/www.facebook.com\/amateaudio","https:\/\/www.instagram.com\/amateaudio\/","https:\/\/www.linkedin.com\/company\/amate-audio","https:\/\/vimeo.com\/amateaudio"]}]}},"_links":{"self":[{"href":"https:\/\/amateaudio.com\/es\/wp-json\/wp\/v2\/pages\/10348","targetHints":{"allow":["GET"]}}],"collection":[{"href":"https:\/\/amateaudio.com\/es\/wp-json\/wp\/v2\/pages"}],"about":[{"href":"https:\/\/amateaudio.com\/es\/wp-json\/wp\/v2\/types\/page"}],"author":[{"embeddable":true,"href":"https:\/\/amateaudio.com\/es\/wp-json\/wp\/v2\/users\/1"}],"replies":[{"embeddable":true,"href":"https:\/\/amateaudio.com\/es\/wp-json\/wp\/v2\/comments?post=10348"}],"version-history":[{"count":41,"href":"https:\/\/amateaudio.com\/es\/wp-json\/wp\/v2\/pages\/10348\/revisions"}],"predecessor-version":[{"id":26438,"href":"https:\/\/amateaudio.com\/es\/wp-json\/wp\/v2\/pages\/10348\/revisions\/26438"}],"wp:attachment":[{"href":"https:\/\/amateaudio.com\/es\/wp-json\/wp\/v2\/media?parent=10348"}],"curies":[{"name":"wp","href":"https:\/\/api.w.org\/{rel}","templated":true}]}}